{"id":2095,"date":"2024-07-26T10:10:03","date_gmt":"2024-07-26T08:10:03","guid":{"rendered":"https:\/\/vsapple.beyzer.com\/obstverarbeitung-2\/"},"modified":"2024-09-03T10:59:57","modified_gmt":"2024-09-03T08:59:57","slug":"processing","status":"publish","type":"page","link":"https:\/\/www.vsapple.com\/de\/processing\/","title":{"rendered":"Processing"},"content":{"rendered":"\t\t<div data-elementor-type=\"wp-page\" data-elementor-id=\"2095\" class=\"elementor elementor-2095 elementor-1004\" data-elementor-post-type=\"page\">\n\t\t\t\t<div class=\"elementor-element elementor-element-79ef53c content-2 e-flex e-con-boxed e-con e-parent\" data-id=\"79ef53c\" data-element_type=\"container\">\n\t\t\t\t\t<div class=\"e-con-inner\">\n\t\t\t\t<div class=\"elementor-element elementor-element-353c066 elementor-widget elementor-widget-heading\" data-id=\"353c066\" data-element_type=\"widget\" data-widget_type=\"heading.default\">\n\t\t\t\t<div class=\"elementor-widget-container\">\n\t\t\t<div class=\"elementor-heading-title elementor-size-default\"><a class=\"breadcrumb-link\" href=\"\/de\/\">Home<\/a>&nbsp;&nbsp;&rsaquo;&nbsp;&nbsp;<a class=\"breadcrumb-link\" href=\"\/de\/obstverarbeitung\/\">Obstverarbeitung<\/a>&nbsp;&nbsp;&rsaquo;&nbsp;&nbsp;Processing<\/div>\t\t<\/div>\n\t\t\t\t<\/div>\n\t\t\t\t<div class=\"elementor-element elementor-element-8f1d7b1 elementor-widget elementor-widget-text-editor\" data-id=\"8f1d7b1\" data-element_type=\"widget\" data-widget_type=\"text-editor.default\">\n\t\t\t\t<div class=\"elementor-widget-container\">\n\t\t\t<style>\/*! elementor - v3.23.0 - 05-08-2024 *\/\n.elementor-widget-text-editor.elementor-drop-cap-view-stacked .elementor-drop-cap{background-color:#69727d;color:#fff}.elementor-widget-text-editor.elementor-drop-cap-view-framed .elementor-drop-cap{color:#69727d;border:3px solid;background-color:transparent}.elementor-widget-text-editor:not(.elementor-drop-cap-view-default) .elementor-drop-cap{margin-top:8px}.elementor-widget-text-editor:not(.elementor-drop-cap-view-default) .elementor-drop-cap-letter{width:1em;height:1em}.elementor-widget-text-editor .elementor-drop-cap{float:left;text-align:center;line-height:1;font-size:50px}.elementor-widget-text-editor .elementor-drop-cap-letter{display:inline-block}<\/style>\t\t\t\t<p>Mit \u00fcber drei\u00dfig Jahren Erfahrung ist VS Apple Industries B.V. der Spezialist f\u00fcr Obstverarbeitung. Wir fangen den ultimativen Geschmack in P\u00fcrees, Marmeladen und Fruchtf\u00fcllungen ein und bereichern Ihre Torten, Milchprodukte und Salate mit Premium-Qualit\u00e4t.<\/p><h2>Hochmoderne Fruit Processing<\/h2><p>Unsere hochmoderne Fruit Processing, die 2022 in Betrieb genommen wurde, garantiert die h\u00f6chste Qualit\u00e4t f\u00fcr Fruchtf\u00fcllungen, Kompott und Marmelade. Mit verschiedenen Prozesstanks, die mit fortschrittlicher Technologie ausgestattet sind, k\u00f6nnen die Rezepte nach Wunsch angepasst und das Produktionsvolumen einfach skaliert werden. So bleiben Geschmack und Textur erhalten, und die Zugabe von Zucker kann nach Wunsch weggelassen werden. Die anderen beiden Prozessbeh\u00e4lter haben eine gro\u00dfe Eindampfungskapazit\u00e4t, mit der wir Apfelmus und F\u00fcllungen ohne zugesetzte Geschmacks- oder Hilfsstoffe herstellen k\u00f6nnen.<\/p><p>Mit unserer brandneuen Obstverarbeitung liefern wir unter anderem die folgenden Produkte:<\/p>\t\t\t\t\t\t<\/div>\n\t\t\t\t<\/div>\n\t\t<div class=\"elementor-element elementor-element-6a50053 e-flex e-con-boxed e-con e-child\" data-id=\"6a50053\" data-element_type=\"container\">\n\t\t\t\t\t<div class=\"e-con-inner\">\n\t\t<div class=\"elementor-element elementor-element-23a44de e-con-full e-flex e-con e-child\" data-id=\"23a44de\" data-element_type=\"container\">\n\t\t\t\t<div class=\"elementor-element elementor-element-24d2aab elementor-flip-box--effect-fade elementor-widget__width-initial elementor-widget-mobile__width-inherit elementor-widget elementor-widget-flip-box\" data-id=\"24d2aab\" data-element_type=\"widget\" data-widget_type=\"flip-box.default\">\n\t\t\t\t<div class=\"elementor-widget-container\">\n\t\t\t<link rel=\"stylesheet\" href=\"https:\/\/www.vsapple.com\/wp-content\/plugins\/elementor-pro\/assets\/css\/widget-flip-box.min.css?ver=1725220330\">\t\t<div class=\"elementor-flip-box\" tabindex=\"0\">\n\t\t\t<div class=\"elementor-flip-box__layer elementor-flip-box__front\">\n\t\t\t\t<div class=\"elementor-flip-box__layer__overlay\">\n\t\t\t\t\t<div class=\"elementor-flip-box__layer__inner\">\n\t\t\t\t\t\t\n\t\t\t\t\t\t\n\t\t\t\t\t\t\t\t\t\t\t<\/div>\n\t\t\t\t<\/div>\n\t\t\t<\/div>\n\t\t\t<a class=\"elementor-flip-box__layer elementor-flip-box__back\" href=\"\/de\/puree\/\">\n\t\t\t<div class=\"elementor-flip-box__layer__overlay\">\n\t\t\t\t<div class=\"elementor-flip-box__layer__inner\">\n\t\t\t\t\t\n\t\t\t\t\t\n\t\t\t\t\t\t\t\t<\/div>\n\t\t<\/div>\n\t\t<\/a>\n\t\t<\/div>\n\t\t\t\t<\/div>\n\t\t\t\t<\/div>\n\t\t\t\t<div class=\"elementor-element elementor-element-d16184a url-prod elementor-widget elementor-widget-heading\" data-id=\"d16184a\" data-element_type=\"widget\" data-widget_type=\"heading.default\">\n\t\t\t\t<div class=\"elementor-widget-container\">\n\t\t\t<style>\/*! elementor - v3.23.0 - 05-08-2024 *\/\n.elementor-heading-title{padding:0;margin:0;line-height:1}.elementor-widget-heading .elementor-heading-title[class*=elementor-size-]>a{color:inherit;font-size:inherit;line-height:inherit}.elementor-widget-heading .elementor-heading-title.elementor-size-small{font-size:15px}.elementor-widget-heading .elementor-heading-title.elementor-size-medium{font-size:19px}.elementor-widget-heading .elementor-heading-title.elementor-size-large{font-size:29px}.elementor-widget-heading .elementor-heading-title.elementor-size-xl{font-size:39px}.elementor-widget-heading .elementor-heading-title.elementor-size-xxl{font-size:59px}<\/style><h3 class=\"elementor-heading-title elementor-size-default\"><a href=\"\/de\/puree\/\">Fruchtp\u00fcree<\/a><\/h3>\t\t<\/div>\n\t\t\t\t<\/div>\n\t\t\t\t<\/div>\n\t\t<div class=\"elementor-element elementor-element-58b1445 e-con-full e-flex e-con e-child\" data-id=\"58b1445\" data-element_type=\"container\">\n\t\t\t\t<div class=\"elementor-element elementor-element-68a2e3d elementor-flip-box--effect-fade elementor-widget__width-initial elementor-widget-mobile__width-inherit elementor-widget elementor-widget-flip-box\" data-id=\"68a2e3d\" data-element_type=\"widget\" data-widget_type=\"flip-box.default\">\n\t\t\t\t<div class=\"elementor-widget-container\">\n\t\t\t\t\t<div class=\"elementor-flip-box\" tabindex=\"0\">\n\t\t\t<div class=\"elementor-flip-box__layer elementor-flip-box__front\">\n\t\t\t\t<div class=\"elementor-flip-box__layer__overlay\">\n\t\t\t\t\t<div class=\"elementor-flip-box__layer__inner\">\n\t\t\t\t\t\t\n\t\t\t\t\t\t\n\t\t\t\t\t\t\t\t\t\t\t<\/div>\n\t\t\t\t<\/div>\n\t\t\t<\/div>\n\t\t\t<a class=\"elementor-flip-box__layer elementor-flip-box__back\" href=\"\/de\/fruchtfullung\/\">\n\t\t\t<div class=\"elementor-flip-box__layer__overlay\">\n\t\t\t\t<div class=\"elementor-flip-box__layer__inner\">\n\t\t\t\t\t\n\t\t\t\t\t\n\t\t\t\t\t\t\t\t<\/div>\n\t\t<\/div>\n\t\t<\/a>\n\t\t<\/div>\n\t\t\t\t<\/div>\n\t\t\t\t<\/div>\n\t\t\t\t<div class=\"elementor-element elementor-element-e6d71a3 url-prod elementor-widget elementor-widget-heading\" data-id=\"e6d71a3\" data-element_type=\"widget\" data-widget_type=\"heading.default\">\n\t\t\t\t<div class=\"elementor-widget-container\">\n\t\t\t<h3 class=\"elementor-heading-title elementor-size-default\"><a href=\"\/de\/fruchtfullung\/\">Fruchtf\u00fcllung<\/a><\/h3>\t\t<\/div>\n\t\t\t\t<\/div>\n\t\t\t\t<\/div>\n\t\t<div class=\"elementor-element elementor-element-6372e84 e-con-full e-flex e-con e-child\" data-id=\"6372e84\" data-element_type=\"container\">\n\t\t\t\t<div class=\"elementor-element elementor-element-2145a63 elementor-flip-box--effect-fade elementor-widget__width-initial elementor-widget-mobile__width-inherit elementor-widget elementor-widget-flip-box\" data-id=\"2145a63\" data-element_type=\"widget\" data-widget_type=\"flip-box.default\">\n\t\t\t\t<div class=\"elementor-widget-container\">\n\t\t\t\t\t<div class=\"elementor-flip-box\" tabindex=\"0\">\n\t\t\t<div class=\"elementor-flip-box__layer elementor-flip-box__front\">\n\t\t\t\t<div class=\"elementor-flip-box__layer__overlay\">\n\t\t\t\t\t<div class=\"elementor-flip-box__layer__inner\">\n\t\t\t\t\t\t\n\t\t\t\t\t\t\n\t\t\t\t\t\t\t\t\t\t\t<\/div>\n\t\t\t\t<\/div>\n\t\t\t<\/div>\n\t\t\t<a class=\"elementor-flip-box__layer elementor-flip-box__back\" href=\"https:\/\/www.vsapple.com\/de\/fruchtkompott\/\">\n\t\t\t<div class=\"elementor-flip-box__layer__overlay\">\n\t\t\t\t<div class=\"elementor-flip-box__layer__inner\">\n\t\t\t\t\t\n\t\t\t\t\t\n\t\t\t\t\t\t\t\t<\/div>\n\t\t<\/div>\n\t\t<\/a>\n\t\t<\/div>\n\t\t\t\t<\/div>\n\t\t\t\t<\/div>\n\t\t\t\t<div class=\"elementor-element elementor-element-c75547a url-prod elementor-widget elementor-widget-heading\" data-id=\"c75547a\" data-element_type=\"widget\" data-widget_type=\"heading.default\">\n\t\t\t\t<div class=\"elementor-widget-container\">\n\t\t\t<h3 class=\"elementor-heading-title elementor-size-default\"><a href=\"https:\/\/www.vsapple.com\/de\/fruchtkompott\/\">Fruchtkompott<\/a><\/h3>\t\t<\/div>\n\t\t\t\t<\/div>\n\t\t\t\t<\/div>\n\t\t\t\t\t<\/div>\n\t\t\t\t<\/div>\n\t\t\t\t\t<\/div>\n\t\t\t\t<\/div>\n\t\t<div class=\"elementor-element elementor-element-dae6205 e-con-full e-flex e-con e-parent\" data-id=\"dae6205\" data-element_type=\"container\" data-settings=\"{&quot;background_background&quot;:&quot;classic&quot;}\">\n\t\t<div class=\"elementor-element elementor-element-95cdc6f e-flex e-con-boxed e-con e-child\" data-id=\"95cdc6f\" data-element_type=\"container\">\n\t\t\t\t\t<div class=\"e-con-inner\">\n\t\t\t\t<div class=\"elementor-element elementor-element-c4f4331 elementor-widget__width-initial elementor-widget-mobile__width-inherit elementor-widget elementor-widget-heading\" data-id=\"c4f4331\" data-element_type=\"widget\" data-widget_type=\"heading.default\">\n\t\t\t\t<div class=\"elementor-widget-container\">\n\t\t\t<h2 class=\"elementor-heading-title elementor-size-default\">Sie suchen nach speziellen Rezepten, die auf Ihr Produkt abgestimmt sind?<\/h2>\t\t<\/div>\n\t\t\t\t<\/div>\n\t\t\t\t<div class=\"elementor-element elementor-element-31ced0c elementor-widget__width-initial elementor-widget elementor-widget-heading\" data-id=\"31ced0c\" data-element_type=\"widget\" data-widget_type=\"heading.default\">\n\t\t\t\t<div class=\"elementor-widget-container\">\n\t\t\t<div class=\"elementor-heading-title elementor-size-default\"><a href=\"\/de\/rd-testzentrum\/\">VS Apple Industries B.V. verarbeitet Obst zu hochwertigen Fruchtf\u00fcllungen, Kompott und Marmeladen f\u00fcr die Back- und Milchindustrie; entwickelt aber auch Produkte nach Kundenspezifikation. Durch unsere langj\u00e4hrige Erfahrung, Marktkenntnis und Flexibilit\u00e4t sind wir in der Lage, nahezu jeden Wunsch zu erf\u00fcllen. Entdecken Sie das Rezept f\u00fcr Ihre Erfolgsformel und seien Sie willkommen in unserem R&D Test Centre!<\/a><\/div>\t\t<\/div>\n\t\t\t\t<\/div>\n\t\t\t\t<div class=\"elementor-element elementor-element-7661ed0 elementor-widget elementor-widget-button\" data-id=\"7661ed0\" data-element_type=\"widget\" data-widget_type=\"button.default\">\n\t\t\t\t<div class=\"elementor-widget-container\">\n\t\t\t\t\t<div class=\"elementor-button-wrapper\">\n\t\t\t<a class=\"elementor-button elementor-button-link elementor-size-sm\" href=\"\/de\/rd-testzentrum\/\">\n\t\t\t\t\t\t<span class=\"elementor-button-content-wrapper\">\n\t\t\t\t\t\t\t\t\t<span class=\"elementor-button-text\">Entdecken Sie das Rezept f\u00fcr Erfolg<\/span>\n\t\t\t\t\t<\/span>\n\t\t\t\t\t<\/a>\n\t\t<\/div>\n\t\t\t\t<\/div>\n\t\t\t\t<\/div>\n\t\t\t\t\t<\/div>\n\t\t\t\t<\/div>\n\t\t\t\t<\/div>\n\t\t<div class=\"elementor-element elementor-element-0e66374 content-2 e-flex e-con-boxed e-con e-parent\" data-id=\"0e66374\" data-element_type=\"container\">\n\t\t\t\t\t<div class=\"e-con-inner\">\n\t\t<div class=\"elementor-element elementor-element-ae4308f e-con-full e-flex e-con e-child\" data-id=\"ae4308f\" data-element_type=\"container\">\n\t\t\t\t<div class=\"elementor-element elementor-element-27d2750 elementor-widget elementor-widget-heading\" data-id=\"27d2750\" data-element_type=\"widget\" data-widget_type=\"heading.default\">\n\t\t\t\t<div class=\"elementor-widget-container\">\n\t\t\t<h2 class=\"elementor-heading-title elementor-size-default\">Lieferantenauswahl<\/h2>\t\t<\/div>\n\t\t\t\t<\/div>\n\t\t\t\t<div class=\"elementor-element elementor-element-030a2f1 elementor-widget elementor-widget-text-editor\" data-id=\"030a2f1\" data-element_type=\"widget\" data-widget_type=\"text-editor.default\">\n\t\t\t\t<div class=\"elementor-widget-container\">\n\t\t\t\t\t\t\t<p>Die Rohstoffe f\u00fcr unsere Produkte beziehen wir von sorgf\u00e4ltig ausgew\u00e4hlten Lieferanten. Unser Produktionsprozess ist vollst\u00e4ndig transparent und wird zur Verbesserung von A bis Z \u00fcberpr\u00fcft und kontrolliert. Lesen Sie mehr \u00fcber Zertifikate, Lieferantenauswahl und R\u00fcckverfolgbarkeit.<\/p><p>Dank moderner Produktionslinien und eigenem klimatisiertem Transport kann VS Apple Industries B.V. nahezu jede Bestellung innerhalb von 24 Stunden in nahezu jedem gew\u00fcnschten Volumen an den richtigen Ort liefern.<\/p>\t\t\t\t\t\t<\/div>\n\t\t\t\t<\/div>\n\t\t\t\t<\/div>\n\t\t<div class=\"elementor-element elementor-element-7fa55cb e-con-full e-flex e-con e-child\" data-id=\"7fa55cb\" data-element_type=\"container\">\n\t\t\t\t<div class=\"elementor-element elementor-element-47842fb elementor-widget elementor-widget-image\" data-id=\"47842fb\" data-element_type=\"widget\" data-widget_type=\"image.default\">\n\t\t\t\t<div class=\"elementor-widget-container\">\n\t\t\t<style>\/*! elementor - v3.23.0 - 05-08-2024 *\/\n.elementor-widget-image{text-align:center}.elementor-widget-image a{display:inline-block}.elementor-widget-image a img[src$=\".svg\"]{width:48px}.elementor-widget-image img{vertical-align:middle;display:inline-block}<\/style>\t\t\t\t\t\t\t\t\t\t<img fetchpriority=\"high\" decoding=\"async\" width=\"683\" height=\"1024\" src=\"https:\/\/www.vsapple.com\/wp-content\/uploads\/apple-processing-1-683x1024.jpg\" class=\"attachment-large size-large wp-image-1502\" alt=\"apple-processing\" srcset=\"https:\/\/www.vsapple.com\/wp-content\/uploads\/apple-processing-1-683x1024.jpg 683w, https:\/\/www.vsapple.com\/wp-content\/uploads\/apple-processing-1-200x300.jpg 200w, https:\/\/www.vsapple.com\/wp-content\/uploads\/apple-processing-1-768x1152.jpg 768w, https:\/\/www.vsapple.com\/wp-content\/uploads\/apple-processing-1-1024x1536.jpg 1024w, https:\/\/www.vsapple.com\/wp-content\/uploads\/apple-processing-1-1365x2048.jpg 1365w, https:\/\/www.vsapple.com\/wp-content\/uploads\/apple-processing-1-scaled.jpg 1707w\" sizes=\"(max-width: 683px) 100vw, 683px\" \/>\t\t\t\t\t\t\t\t\t\t\t\t\t<\/div>\n\t\t\t\t<\/div>\n\t\t\t\t<\/div>\n\t\t\t\t\t<\/div>\n\t\t\t\t<\/div>\n\t\t\t\t<\/div>\n\t\t","protected":false},"excerpt":{"rendered":"<p>Mit \u00fcber drei\u00dfig Jahren Erfahrung ist VS Apple Industries B.V. der Spezialist f\u00fcr Obstverarbeitung. Wir fangen den ultimativen Geschmack in P\u00fcrees, Marmeladen und Fruchtf\u00fcllungen ein und bereichern Ihre Torten, Milchprodukte und Salate mit Premium-Qualit\u00e4t. Hochmoderne Fruit Processing Unsere hochmoderne Fruit Processing, die 2022 in Betrieb genommen wurde, garantiert die h\u00f6chste Qualit\u00e4t f\u00fcr Fruchtf\u00fcllungen, Kompott und [&hellip;]<\/p>\n","protected":false},"author":1,"featured_media":0,"parent":0,"menu_order":0,"comment_status":"closed","ping_status":"closed","template":"","meta":{"_acf_changed":false,"footnotes":""},"class_list":["post-2095","page","type-page","status-publish","hentry"],"acf":[],"yoast_head":"<!-- This site is optimized with the Yoast SEO plugin v23.4 - https:\/\/yoast.com\/wordpress\/plugins\/seo\/ -->\n<title>Fruit Processing - VS Apple Industries<\/title>\n<meta name=\"description\" content=\"Unsere hochmoderne Fruit Processing, die 2022 in Betrieb genommen wurde, garantiert die h\u00f6chste Qualit\u00e4t f\u00fcr Fruchtf\u00fcllungen, Kompott und Marmelade.\" \/>\n<meta name=\"robots\" content=\"index, follow, max-snippet:-1, max-image-preview:large, max-video-preview:-1\" \/>\n<link rel=\"canonical\" href=\"https:\/\/www.vsapple.com\/en\/?page_id=2089\" \/>\n<meta property=\"og:locale\" content=\"de_DE\" \/>\n<meta property=\"og:type\" content=\"article\" \/>\n<meta property=\"og:title\" content=\"Fruit Processing\" \/>\n<meta property=\"og:description\" content=\"Unsere hochmoderne Fruit Processing, die 2022 in Betrieb genommen wurde, garantiert die h\u00f6chste Qualit\u00e4t f\u00fcr Fruchtf\u00fcllungen, Kompott und Marmelade.\" \/>\n<meta property=\"og:url\" content=\"https:\/\/www.vsapple.com\/en\/?page_id=2089\" \/>\n<meta property=\"og:site_name\" content=\"VS Apple Industries\" \/>\n<meta property=\"article:modified_time\" content=\"2024-09-03T08:59:57+00:00\" \/>\n<meta property=\"og:image\" content=\"https:\/\/www.vsapple.com\/wp-content\/uploads\/fruit-processing-scaled.jpg\" \/>\n\t<meta property=\"og:image:width\" content=\"1707\" \/>\n\t<meta property=\"og:image:height\" content=\"2560\" \/>\n\t<meta property=\"og:image:type\" content=\"image\/jpeg\" \/>\n<meta name=\"twitter:card\" content=\"summary_large_image\" \/>\n<meta name=\"twitter:label1\" content=\"Gesch\u00e4tzte Lesezeit\" \/>\n\t<meta name=\"twitter:data1\" content=\"2 Minuten\" \/>\n<script type=\"application\/ld+json\" class=\"yoast-schema-graph\">{\"@context\":\"https:\/\/schema.org\",\"@graph\":[{\"@type\":\"WebPage\",\"@id\":\"https:\/\/www.vsapple.com\/en\/?page_id=2089\",\"url\":\"https:\/\/www.vsapple.com\/en\/?page_id=2089\",\"name\":\"Fruit Processing - VS Apple Industries\",\"isPartOf\":{\"@id\":\"https:\/\/www.vsapple.com\/#website\"},\"primaryImageOfPage\":{\"@id\":\"https:\/\/www.vsapple.com\/en\/?page_id=2089#primaryimage\"},\"image\":{\"@id\":\"https:\/\/www.vsapple.com\/en\/?page_id=2089#primaryimage\"},\"thumbnailUrl\":\"https:\/\/www.vsapple.com\/wp-content\/uploads\/apple-processing-1-683x1024.jpg\",\"datePublished\":\"2024-07-26T08:10:03+00:00\",\"dateModified\":\"2024-09-03T08:59:57+00:00\",\"description\":\"Unsere hochmoderne Fruit Processing, die 2022 in Betrieb genommen wurde, garantiert die h\u00f6chste Qualit\u00e4t f\u00fcr Fruchtf\u00fcllungen, Kompott und Marmelade.\",\"breadcrumb\":{\"@id\":\"https:\/\/www.vsapple.com\/en\/?page_id=2089#breadcrumb\"},\"inLanguage\":\"de-DE\",\"potentialAction\":[{\"@type\":\"ReadAction\",\"target\":[\"https:\/\/www.vsapple.com\/en\/?page_id=2089\"]}]},{\"@type\":\"ImageObject\",\"inLanguage\":\"de-DE\",\"@id\":\"https:\/\/www.vsapple.com\/en\/?page_id=2089#primaryimage\",\"url\":\"https:\/\/www.vsapple.com\/wp-content\/uploads\/apple-processing-1-683x1024.jpg\",\"contentUrl\":\"https:\/\/www.vsapple.com\/wp-content\/uploads\/apple-processing-1-683x1024.jpg\"},{\"@type\":\"BreadcrumbList\",\"@id\":\"https:\/\/www.vsapple.com\/en\/?page_id=2089#breadcrumb\",\"itemListElement\":[{\"@type\":\"ListItem\",\"position\":1,\"name\":\"Home\",\"item\":\"https:\/\/www.vsapple.com\/\"},{\"@type\":\"ListItem\",\"position\":2,\"name\":\"Processing\"}]},{\"@type\":\"WebSite\",\"@id\":\"https:\/\/www.vsapple.com\/#website\",\"url\":\"https:\/\/www.vsapple.com\/\",\"name\":\"VS Apple Industries\",\"description\":\"Uw partner in fruitverwerking\",\"potentialAction\":[{\"@type\":\"SearchAction\",\"target\":{\"@type\":\"EntryPoint\",\"urlTemplate\":\"https:\/\/www.vsapple.com\/?s={search_term_string}\"},\"query-input\":{\"@type\":\"PropertyValueSpecification\",\"valueRequired\":true,\"valueName\":\"search_term_string\"}}],\"inLanguage\":\"de-DE\"}]}<\/script>\n<!-- \/ Yoast SEO plugin. -->","yoast_head_json":{"title":"Fruit Processing - VS Apple Industries","description":"Unsere hochmoderne Fruit Processing, die 2022 in Betrieb genommen wurde, garantiert die h\u00f6chste Qualit\u00e4t f\u00fcr Fruchtf\u00fcllungen, Kompott und Marmelade.","robots":{"index":"index","follow":"follow","max-snippet":"max-snippet:-1","max-image-preview":"max-image-preview:large","max-video-preview":"max-video-preview:-1"},"canonical":"https:\/\/www.vsapple.com\/en\/?page_id=2089","og_locale":"de_DE","og_type":"article","og_title":"Fruit Processing","og_description":"Unsere hochmoderne Fruit Processing, die 2022 in Betrieb genommen wurde, garantiert die h\u00f6chste Qualit\u00e4t f\u00fcr Fruchtf\u00fcllungen, Kompott und Marmelade.","og_url":"https:\/\/www.vsapple.com\/en\/?page_id=2089","og_site_name":"VS Apple Industries","article_modified_time":"2024-09-03T08:59:57+00:00","og_image":[{"width":1707,"height":2560,"url":"https:\/\/www.vsapple.com\/wp-content\/uploads\/fruit-processing-scaled.jpg","type":"image\/jpeg"}],"twitter_card":"summary_large_image","twitter_misc":{"Gesch\u00e4tzte Lesezeit":"2 Minuten"},"schema":{"@context":"https:\/\/schema.org","@graph":[{"@type":"WebPage","@id":"https:\/\/www.vsapple.com\/en\/?page_id=2089","url":"https:\/\/www.vsapple.com\/en\/?page_id=2089","name":"Fruit Processing - VS Apple Industries","isPartOf":{"@id":"https:\/\/www.vsapple.com\/#website"},"primaryImageOfPage":{"@id":"https:\/\/www.vsapple.com\/en\/?page_id=2089#primaryimage"},"image":{"@id":"https:\/\/www.vsapple.com\/en\/?page_id=2089#primaryimage"},"thumbnailUrl":"https:\/\/www.vsapple.com\/wp-content\/uploads\/apple-processing-1-683x1024.jpg","datePublished":"2024-07-26T08:10:03+00:00","dateModified":"2024-09-03T08:59:57+00:00","description":"Unsere hochmoderne Fruit Processing, die 2022 in Betrieb genommen wurde, garantiert die h\u00f6chste Qualit\u00e4t f\u00fcr Fruchtf\u00fcllungen, Kompott und Marmelade.","breadcrumb":{"@id":"https:\/\/www.vsapple.com\/en\/?page_id=2089#breadcrumb"},"inLanguage":"de-DE","potentialAction":[{"@type":"ReadAction","target":["https:\/\/www.vsapple.com\/en\/?page_id=2089"]}]},{"@type":"ImageObject","inLanguage":"de-DE","@id":"https:\/\/www.vsapple.com\/en\/?page_id=2089#primaryimage","url":"https:\/\/www.vsapple.com\/wp-content\/uploads\/apple-processing-1-683x1024.jpg","contentUrl":"https:\/\/www.vsapple.com\/wp-content\/uploads\/apple-processing-1-683x1024.jpg"},{"@type":"BreadcrumbList","@id":"https:\/\/www.vsapple.com\/en\/?page_id=2089#breadcrumb","itemListElement":[{"@type":"ListItem","position":1,"name":"Home","item":"https:\/\/www.vsapple.com\/"},{"@type":"ListItem","position":2,"name":"Processing"}]},{"@type":"WebSite","@id":"https:\/\/www.vsapple.com\/#website","url":"https:\/\/www.vsapple.com\/","name":"VS Apple Industries","description":"Uw partner in fruitverwerking","potentialAction":[{"@type":"SearchAction","target":{"@type":"EntryPoint","urlTemplate":"https:\/\/www.vsapple.com\/?s={search_term_string}"},"query-input":{"@type":"PropertyValueSpecification","valueRequired":true,"valueName":"search_term_string"}}],"inLanguage":"de-DE"}]}},"_links":{"self":[{"href":"https:\/\/www.vsapple.com\/de\/wp-json\/wp\/v2\/pages\/2095"}],"collection":[{"href":"https:\/\/www.vsapple.com\/de\/wp-json\/wp\/v2\/pages"}],"about":[{"href":"https:\/\/www.vsapple.com\/de\/wp-json\/wp\/v2\/types\/page"}],"author":[{"embeddable":true,"href":"https:\/\/www.vsapple.com\/de\/wp-json\/wp\/v2\/users\/1"}],"replies":[{"embeddable":true,"href":"https:\/\/www.vsapple.com\/de\/wp-json\/wp\/v2\/comments?post=2095"}],"version-history":[{"count":0,"href":"https:\/\/www.vsapple.com\/de\/wp-json\/wp\/v2\/pages\/2095\/revisions"}],"wp:attachment":[{"href":"https:\/\/www.vsapple.com\/de\/wp-json\/wp\/v2\/media?parent=2095"}],"curies":[{"name":"wp","href":"https:\/\/api.w.org\/{rel}","templated":true}]}}