{"id":2129,"date":"2024-07-04T15:49:39","date_gmt":"2024-07-04T13:49:39","guid":{"rendered":"https:\/\/vsapple.beyzer.com\/logistik\/"},"modified":"2024-09-03T11:42:37","modified_gmt":"2024-09-03T09:42:37","slug":"logistik","status":"publish","type":"page","link":"https:\/\/www.vsapple.com\/de\/logistik\/","title":{"rendered":"Logistik"},"content":{"rendered":"\t\t<div data-elementor-type=\"wp-page\" data-elementor-id=\"2129\" class=\"elementor elementor-2129 elementor-567\" data-elementor-post-type=\"page\">\n\t\t\t\t<div class=\"elementor-element elementor-element-b618553 e-flex e-con-boxed e-con e-parent\" data-id=\"b618553\" data-element_type=\"container\" data-settings=\"{&quot;background_background&quot;:&quot;classic&quot;,&quot;shape_divider_bottom&quot;:&quot;curve&quot;,&quot;shape_divider_bottom_negative&quot;:&quot;yes&quot;}\">\n\t\t\t\t\t<div class=\"e-con-inner\">\n\t\t\t\t<div class=\"elementor-shape elementor-shape-bottom\" data-negative=\"true\">\n\t\t\t<svg xmlns=\"http:\/\/www.w3.org\/2000\/svg\" viewBox=\"0 0 1000 100\" preserveAspectRatio=\"none\">\n\t<path class=\"elementor-shape-fill\" d=\"M500,97C126.7,96.3,0.8,19.8,0,0v100l1000,0V1C1000,19.4,873.3,97.8,500,97z\"\/>\n<\/svg>\t\t<\/div>\n\t\t\t\t<div class=\"elementor-element elementor-element-a9c229f elementor-widget__width-initial elementor-widget elementor-widget-heading\" data-id=\"a9c229f\" data-element_type=\"widget\" data-widget_type=\"heading.default\">\n\t\t\t\t<div class=\"elementor-widget-container\">\n\t\t\t<style>\/*! elementor - v3.23.0 - 05-08-2024 *\/\n.elementor-heading-title{padding:0;margin:0;line-height:1}.elementor-widget-heading .elementor-heading-title[class*=elementor-size-]>a{color:inherit;font-size:inherit;line-height:inherit}.elementor-widget-heading .elementor-heading-title.elementor-size-small{font-size:15px}.elementor-widget-heading .elementor-heading-title.elementor-size-medium{font-size:19px}.elementor-widget-heading .elementor-heading-title.elementor-size-large{font-size:29px}.elementor-widget-heading .elementor-heading-title.elementor-size-xl{font-size:39px}.elementor-widget-heading .elementor-heading-title.elementor-size-xxl{font-size:59px}<\/style><div class=\"elementor-heading-title elementor-size-default\">VS Apple Industries B.V garantiert eine sehr kurze Lieferzeit. Die schnelle Lieferung sorgt daf\u00fcr, dass die gelieferten Produkte stets frisch sind.<\/div>\t\t<\/div>\n\t\t\t\t<\/div>\n\t\t\t\t<div class=\"elementor-element elementor-element-99061fa elementor-widget elementor-widget-button\" data-id=\"99061fa\" data-element_type=\"widget\" data-widget_type=\"button.default\">\n\t\t\t\t<div class=\"elementor-widget-container\">\n\t\t\t\t\t<div class=\"elementor-button-wrapper\">\n\t\t\t<a class=\"elementor-button elementor-button-link elementor-size-sm\" href=\"\/de\/kontakt\/\">\n\t\t\t\t\t\t<span class=\"elementor-button-content-wrapper\">\n\t\t\t\t\t\t\t\t\t<span class=\"elementor-button-text\">Kontakt aufnehmen<\/span>\n\t\t\t\t\t<\/span>\n\t\t\t\t\t<\/a>\n\t\t<\/div>\n\t\t\t\t<\/div>\n\t\t\t\t<\/div>\n\t\t\t\t\t<\/div>\n\t\t\t\t<\/div>\n\t\t<div class=\"elementor-element elementor-element-9467166 e-flex e-con-boxed e-con e-parent\" data-id=\"9467166\" data-element_type=\"container\">\n\t\t\t\t\t<div class=\"e-con-inner\">\n\t\t<div class=\"elementor-element elementor-element-180ff44 e-con-full e-flex e-con e-child\" data-id=\"180ff44\" data-element_type=\"container\">\n\t\t\t\t<div class=\"elementor-element elementor-element-278d855 elementor-widget elementor-widget-heading\" data-id=\"278d855\" data-element_type=\"widget\" data-widget_type=\"heading.default\">\n\t\t\t\t<div class=\"elementor-widget-container\">\n\t\t\t<style>\/*! elementor - v3.23.0 - 05-08-2024 *\/\n.elementor-heading-title{padding:0;margin:0;line-height:1}.elementor-widget-heading .elementor-heading-title[class*=elementor-size-]>a{color:inherit;font-size:inherit;line-height:inherit}.elementor-widget-heading .elementor-heading-title.elementor-size-small{font-size:15px}.elementor-widget-heading .elementor-heading-title.elementor-size-medium{font-size:19px}.elementor-widget-heading .elementor-heading-title.elementor-size-large{font-size:29px}.elementor-widget-heading .elementor-heading-title.elementor-size-xl{font-size:39px}.elementor-widget-heading .elementor-heading-title.elementor-size-xxl{font-size:59px}<\/style><div class=\"elementor-heading-title elementor-size-default\"><a class=\"breadcrumb-link\" href=\"\/de\/\">Home<\/a>&nbsp;&nbsp;&rsaquo;&nbsp;&nbsp;<a class=\"breadcrumb-link\" href=\"\/de\/uber-uns\/\">\u00dcber uns<\/a>&nbsp;&nbsp;&rsaquo;&nbsp;&nbsp;Logistik<\/div>\t\t<\/div>\n\t\t\t\t<\/div>\n\t\t\t\t<div class=\"elementor-element elementor-element-b9f5154 elementor-widget elementor-widget-text-editor\" data-id=\"b9f5154\" data-element_type=\"widget\" data-widget_type=\"text-editor.default\">\n\t\t\t\t<div class=\"elementor-widget-container\">\n\t\t\t<style>\/*! elementor - v3.23.0 - 05-08-2024 *\/\n.elementor-widget-text-editor.elementor-drop-cap-view-stacked .elementor-drop-cap{background-color:#69727d;color:#fff}.elementor-widget-text-editor.elementor-drop-cap-view-framed .elementor-drop-cap{color:#69727d;border:3px solid;background-color:transparent}.elementor-widget-text-editor:not(.elementor-drop-cap-view-default) .elementor-drop-cap{margin-top:8px}.elementor-widget-text-editor:not(.elementor-drop-cap-view-default) .elementor-drop-cap-letter{width:1em;height:1em}.elementor-widget-text-editor .elementor-drop-cap{float:left;text-align:center;line-height:1;font-size:50px}.elementor-widget-text-editor .elementor-drop-cap-letter{display:inline-block}<\/style>\t\t\t\t<h3>Produktion und Logistik<\/h3><p>Um die h\u00f6chstm\u00f6gliche Qualit\u00e4t und Frische unserer Produkte zu gew\u00e4hrleisten, stellen wir <a href=\"\/de\/obstverarbeitung\/\">alle Produkte<\/a> ausschlie\u00dflich auf Bestellung her. Abgesehen davon, dass der Qualit\u00e4tsaspekt eine Produktion auf Vorrat nicht zul\u00e4sst, sind die Kunden- und Produktspezifikationen zu unterschiedlich. Wir planen die Produktion nach Eingang der Bestellung.<\/p><h3>Eigener klimatisierter Transport<\/h3><p>Mit unserem eigenen konditionierten Transport k\u00f6nnen wir dann fast jede Bestellung innerhalb von 24 Stunden in praktisch jeder Menge an den richtigen Ort liefern. VS Apple Industries B.V. verf\u00fcgt \u00fcber einen internen K\u00fchltransport, der nicht nur ein hohes und gleichbleibendes Qualit\u00e4tsniveau der frischen Produkte gew\u00e4hrleistet, sondern auch die Flexibilit\u00e4t unserer Organisation weiter optimiert.<\/p>\t\t\t\t\t\t<\/div>\n\t\t\t\t<\/div>\n\t\t\t\t<\/div>\n\t\t<div class=\"elementor-element elementor-element-c951349 e-con-full e-flex e-con e-child\" data-id=\"c951349\" data-element_type=\"container\">\n\t\t\t\t<div class=\"elementor-element elementor-element-ae5a1b3 elementor-widget elementor-widget-image\" data-id=\"ae5a1b3\" data-element_type=\"widget\" data-widget_type=\"image.default\">\n\t\t\t\t<div class=\"elementor-widget-container\">\n\t\t\t<style>\/*! elementor - v3.23.0 - 05-08-2024 *\/\n.elementor-widget-image{text-align:center}.elementor-widget-image a{display:inline-block}.elementor-widget-image a img[src$=\".svg\"]{width:48px}.elementor-widget-image img{vertical-align:middle;display:inline-block}<\/style>\t\t\t\t\t\t\t\t\t\t<img fetchpriority=\"high\" decoding=\"async\" width=\"800\" height=\"534\" src=\"https:\/\/www.vsapple.com\/wp-content\/uploads\/logistics-vs-apple-1024x683.jpg\" class=\"attachment-large size-large wp-image-904\" alt=\"Logistiek VS Apple\" srcset=\"https:\/\/www.vsapple.com\/wp-content\/uploads\/logistics-vs-apple-1024x683.jpg 1024w, https:\/\/www.vsapple.com\/wp-content\/uploads\/logistics-vs-apple-300x200.jpg 300w, https:\/\/www.vsapple.com\/wp-content\/uploads\/logistics-vs-apple-768x512.jpg 768w, https:\/\/www.vsapple.com\/wp-content\/uploads\/logistics-vs-apple-1536x1024.jpg 1536w, https:\/\/www.vsapple.com\/wp-content\/uploads\/logistics-vs-apple.jpg 1900w\" sizes=\"(max-width: 800px) 100vw, 800px\" \/>\t\t\t\t\t\t\t\t\t\t\t\t\t<\/div>\n\t\t\t\t<\/div>\n\t\t\t\t<div class=\"elementor-element elementor-element-cfff35c elementor-align-center elementor-widget elementor-widget-button\" data-id=\"cfff35c\" data-element_type=\"widget\" data-widget_type=\"button.default\">\n\t\t\t\t<div class=\"elementor-widget-container\">\n\t\t\t\t\t<div class=\"elementor-button-wrapper\">\n\t\t\t<a class=\"elementor-button elementor-button-link elementor-size-sm\" href=\"\/de\/kontakt\/\">\n\t\t\t\t\t\t<span class=\"elementor-button-content-wrapper\">\n\t\t\t\t\t\t\t\t\t<span class=\"elementor-button-text\">Kontakt aufnehmen<\/span>\n\t\t\t\t\t<\/span>\n\t\t\t\t\t<\/a>\n\t\t<\/div>\n\t\t\t\t<\/div>\n\t\t\t\t<\/div>\n\t\t\t\t<\/div>\n\t\t\t\t\t<\/div>\n\t\t\t\t<\/div>\n\t\t<div class=\"elementor-element elementor-element-27bb29f e-con-full e-flex e-con e-parent\" data-id=\"27bb29f\" data-element_type=\"container\" data-settings=\"{&quot;background_background&quot;:&quot;classic&quot;}\">\n\t\t<div class=\"elementor-element elementor-element-268c920 e-flex e-con-boxed e-con e-child\" data-id=\"268c920\" data-element_type=\"container\">\n\t\t\t\t\t<div class=\"e-con-inner\">\n\t\t\t\t<div class=\"elementor-element elementor-element-192dc43 elementor-widget__width-initial elementor-widget-mobile__width-inherit elementor-widget elementor-widget-heading\" data-id=\"192dc43\" data-element_type=\"widget\" data-widget_type=\"heading.default\">\n\t\t\t\t<div class=\"elementor-widget-container\">\n\t\t\t<h2 class=\"elementor-heading-title elementor-size-default\">M\u00f6chten Sie eine Bestellung aufgeben?<\/h2>\t\t<\/div>\n\t\t\t\t<\/div>\n\t\t\t\t<div class=\"elementor-element elementor-element-7bd1ba8 elementor-widget__width-initial elementor-widget elementor-widget-heading\" data-id=\"7bd1ba8\" data-element_type=\"widget\" data-widget_type=\"heading.default\">\n\t\t\t\t<div class=\"elementor-widget-container\">\n\t\t\t<div class=\"elementor-heading-title elementor-size-default\"><a href=\"https:\/\/www.vsapple.com\/de\/kontakt\/\">Teilen Sie uns Ihre W\u00fcnsche mit und nehmen Sie Kontakt auf.<\/a><\/div>\t\t<\/div>\n\t\t\t\t<\/div>\n\t\t\t\t<div class=\"elementor-element elementor-element-3f6282b elementor-widget elementor-widget-button\" data-id=\"3f6282b\" data-element_type=\"widget\" data-widget_type=\"button.default\">\n\t\t\t\t<div class=\"elementor-widget-container\">\n\t\t\t\t\t<div class=\"elementor-button-wrapper\">\n\t\t\t<a class=\"elementor-button elementor-button-link elementor-size-sm\" href=\"\/de\/kontakt\/\">\n\t\t\t\t\t\t<span class=\"elementor-button-content-wrapper\">\n\t\t\t\t\t\t\t\t\t<span class=\"elementor-button-text\">Kontakt aufnehmen<\/span>\n\t\t\t\t\t<\/span>\n\t\t\t\t\t<\/a>\n\t\t<\/div>\n\t\t\t\t<\/div>\n\t\t\t\t<\/div>\n\t\t\t\t\t<\/div>\n\t\t\t\t<\/div>\n\t\t\t\t<\/div>\n\t\t\t\t<\/div>\n\t\t","protected":false},"excerpt":{"rendered":"<p>VS Apple Industries B.V garantiert eine sehr kurze Lieferzeit. Die schnelle Lieferung sorgt daf\u00fcr, dass die gelieferten Produkte stets frisch sind. Kontakt aufnehmen Produktion und Logistik Um die h\u00f6chstm\u00f6gliche Qualit\u00e4t und Frische unserer Produkte zu gew\u00e4hrleisten, stellen wir alle Produkte ausschlie\u00dflich auf Bestellung her. Abgesehen davon, dass der Qualit\u00e4tsaspekt eine Produktion auf Vorrat nicht zul\u00e4sst, [&hellip;]<\/p>\n","protected":false},"author":1,"featured_media":0,"parent":0,"menu_order":0,"comment_status":"closed","ping_status":"closed","template":"","meta":{"_acf_changed":false,"footnotes":""},"class_list":["post-2129","page","type-page","status-publish","hentry"],"acf":[],"yoast_head":"<!-- This site is optimized with the Yoast SEO plugin v23.4 - https:\/\/yoast.com\/wordpress\/plugins\/seo\/ -->\n<title>Logistik - VS Apple Industries<\/title>\n<meta name=\"description\" content=\"VS Apple Industries B.V garantiert eine sehr kurze Lieferzeit. Die schnelle Lieferung sorgt daf\u00fcr, dass die gelieferten Produkte stets frisch sind.\" \/>\n<meta name=\"robots\" content=\"index, follow, max-snippet:-1, max-image-preview:large, max-video-preview:-1\" \/>\n<link rel=\"canonical\" href=\"https:\/\/www.vsapple.com\/de\/logistik\/\" \/>\n<meta property=\"og:locale\" content=\"de_DE\" \/>\n<meta property=\"og:type\" content=\"article\" \/>\n<meta property=\"og:title\" content=\"Logistik\" \/>\n<meta property=\"og:description\" content=\"VS Apple Industries B.V garantiert eine sehr kurze Lieferzeit. Die schnelle Lieferung sorgt daf\u00fcr, dass die gelieferten Produkte stets frisch sind.\" \/>\n<meta property=\"og:url\" content=\"https:\/\/www.vsapple.com\/de\/logistik\/\" \/>\n<meta property=\"og:site_name\" content=\"VS Apple Industries\" \/>\n<meta property=\"article:modified_time\" content=\"2024-09-03T09:42:37+00:00\" \/>\n<meta property=\"og:image\" content=\"https:\/\/www.vsapple.com\/wp-content\/uploads\/logistics-vs-apple.jpg\" \/>\n\t<meta property=\"og:image:width\" content=\"1900\" \/>\n\t<meta property=\"og:image:height\" content=\"1267\" \/>\n\t<meta property=\"og:image:type\" content=\"image\/jpeg\" \/>\n<meta name=\"twitter:card\" content=\"summary_large_image\" \/>\n<meta name=\"twitter:label1\" content=\"Gesch\u00e4tzte Lesezeit\" \/>\n\t<meta name=\"twitter:data1\" content=\"2 Minuten\" \/>\n<script type=\"application\/ld+json\" class=\"yoast-schema-graph\">{\"@context\":\"https:\/\/schema.org\",\"@graph\":[{\"@type\":\"WebPage\",\"@id\":\"https:\/\/www.vsapple.com\/de\/logistik\/\",\"url\":\"https:\/\/www.vsapple.com\/de\/logistik\/\",\"name\":\"Logistik - VS Apple Industries\",\"isPartOf\":{\"@id\":\"https:\/\/www.vsapple.com\/#website\"},\"primaryImageOfPage\":{\"@id\":\"https:\/\/www.vsapple.com\/de\/logistik\/#primaryimage\"},\"image\":{\"@id\":\"https:\/\/www.vsapple.com\/de\/logistik\/#primaryimage\"},\"thumbnailUrl\":\"https:\/\/www.vsapple.com\/wp-content\/uploads\/logistics-vs-apple-1024x683.jpg\",\"datePublished\":\"2024-07-04T13:49:39+00:00\",\"dateModified\":\"2024-09-03T09:42:37+00:00\",\"description\":\"VS Apple Industries B.V garantiert eine sehr kurze Lieferzeit. Die schnelle Lieferung sorgt daf\u00fcr, dass die gelieferten Produkte stets frisch sind.\",\"breadcrumb\":{\"@id\":\"https:\/\/www.vsapple.com\/de\/logistik\/#breadcrumb\"},\"inLanguage\":\"de-DE\",\"potentialAction\":[{\"@type\":\"ReadAction\",\"target\":[\"https:\/\/www.vsapple.com\/de\/logistik\/\"]}]},{\"@type\":\"ImageObject\",\"inLanguage\":\"de-DE\",\"@id\":\"https:\/\/www.vsapple.com\/de\/logistik\/#primaryimage\",\"url\":\"https:\/\/www.vsapple.com\/wp-content\/uploads\/logistics-vs-apple-1024x683.jpg\",\"contentUrl\":\"https:\/\/www.vsapple.com\/wp-content\/uploads\/logistics-vs-apple-1024x683.jpg\"},{\"@type\":\"BreadcrumbList\",\"@id\":\"https:\/\/www.vsapple.com\/de\/logistik\/#breadcrumb\",\"itemListElement\":[{\"@type\":\"ListItem\",\"position\":1,\"name\":\"Home\",\"item\":\"https:\/\/www.vsapple.com\/\"},{\"@type\":\"ListItem\",\"position\":2,\"name\":\"Logistik\"}]},{\"@type\":\"WebSite\",\"@id\":\"https:\/\/www.vsapple.com\/#website\",\"url\":\"https:\/\/www.vsapple.com\/\",\"name\":\"VS Apple Industries\",\"description\":\"Uw partner in fruitverwerking\",\"potentialAction\":[{\"@type\":\"SearchAction\",\"target\":{\"@type\":\"EntryPoint\",\"urlTemplate\":\"https:\/\/www.vsapple.com\/?s={search_term_string}\"},\"query-input\":{\"@type\":\"PropertyValueSpecification\",\"valueRequired\":true,\"valueName\":\"search_term_string\"}}],\"inLanguage\":\"de-DE\"}]}<\/script>\n<!-- \/ Yoast SEO plugin. -->","yoast_head_json":{"title":"Logistik - VS Apple Industries","description":"VS Apple Industries B.V garantiert eine sehr kurze Lieferzeit. Die schnelle Lieferung sorgt daf\u00fcr, dass die gelieferten Produkte stets frisch sind.","robots":{"index":"index","follow":"follow","max-snippet":"max-snippet:-1","max-image-preview":"max-image-preview:large","max-video-preview":"max-video-preview:-1"},"canonical":"https:\/\/www.vsapple.com\/de\/logistik\/","og_locale":"de_DE","og_type":"article","og_title":"Logistik","og_description":"VS Apple Industries B.V garantiert eine sehr kurze Lieferzeit. Die schnelle Lieferung sorgt daf\u00fcr, dass die gelieferten Produkte stets frisch sind.","og_url":"https:\/\/www.vsapple.com\/de\/logistik\/","og_site_name":"VS Apple Industries","article_modified_time":"2024-09-03T09:42:37+00:00","og_image":[{"width":1900,"height":1267,"url":"https:\/\/www.vsapple.com\/wp-content\/uploads\/logistics-vs-apple.jpg","type":"image\/jpeg"}],"twitter_card":"summary_large_image","twitter_misc":{"Gesch\u00e4tzte Lesezeit":"2 Minuten"},"schema":{"@context":"https:\/\/schema.org","@graph":[{"@type":"WebPage","@id":"https:\/\/www.vsapple.com\/de\/logistik\/","url":"https:\/\/www.vsapple.com\/de\/logistik\/","name":"Logistik - VS Apple Industries","isPartOf":{"@id":"https:\/\/www.vsapple.com\/#website"},"primaryImageOfPage":{"@id":"https:\/\/www.vsapple.com\/de\/logistik\/#primaryimage"},"image":{"@id":"https:\/\/www.vsapple.com\/de\/logistik\/#primaryimage"},"thumbnailUrl":"https:\/\/www.vsapple.com\/wp-content\/uploads\/logistics-vs-apple-1024x683.jpg","datePublished":"2024-07-04T13:49:39+00:00","dateModified":"2024-09-03T09:42:37+00:00","description":"VS Apple Industries B.V garantiert eine sehr kurze Lieferzeit. Die schnelle Lieferung sorgt daf\u00fcr, dass die gelieferten Produkte stets frisch sind.","breadcrumb":{"@id":"https:\/\/www.vsapple.com\/de\/logistik\/#breadcrumb"},"inLanguage":"de-DE","potentialAction":[{"@type":"ReadAction","target":["https:\/\/www.vsapple.com\/de\/logistik\/"]}]},{"@type":"ImageObject","inLanguage":"de-DE","@id":"https:\/\/www.vsapple.com\/de\/logistik\/#primaryimage","url":"https:\/\/www.vsapple.com\/wp-content\/uploads\/logistics-vs-apple-1024x683.jpg","contentUrl":"https:\/\/www.vsapple.com\/wp-content\/uploads\/logistics-vs-apple-1024x683.jpg"},{"@type":"BreadcrumbList","@id":"https:\/\/www.vsapple.com\/de\/logistik\/#breadcrumb","itemListElement":[{"@type":"ListItem","position":1,"name":"Home","item":"https:\/\/www.vsapple.com\/"},{"@type":"ListItem","position":2,"name":"Logistik"}]},{"@type":"WebSite","@id":"https:\/\/www.vsapple.com\/#website","url":"https:\/\/www.vsapple.com\/","name":"VS Apple Industries","description":"Uw partner in fruitverwerking","potentialAction":[{"@type":"SearchAction","target":{"@type":"EntryPoint","urlTemplate":"https:\/\/www.vsapple.com\/?s={search_term_string}"},"query-input":{"@type":"PropertyValueSpecification","valueRequired":true,"valueName":"search_term_string"}}],"inLanguage":"de-DE"}]}},"_links":{"self":[{"href":"https:\/\/www.vsapple.com\/de\/wp-json\/wp\/v2\/pages\/2129"}],"collection":[{"href":"https:\/\/www.vsapple.com\/de\/wp-json\/wp\/v2\/pages"}],"about":[{"href":"https:\/\/www.vsapple.com\/de\/wp-json\/wp\/v2\/types\/page"}],"author":[{"embeddable":true,"href":"https:\/\/www.vsapple.com\/de\/wp-json\/wp\/v2\/users\/1"}],"replies":[{"embeddable":true,"href":"https:\/\/www.vsapple.com\/de\/wp-json\/wp\/v2\/comments?post=2129"}],"version-history":[{"count":0,"href":"https:\/\/www.vsapple.com\/de\/wp-json\/wp\/v2\/pages\/2129\/revisions"}],"wp:attachment":[{"href":"https:\/\/www.vsapple.com\/de\/wp-json\/wp\/v2\/media?parent=2129"}],"curies":[{"name":"wp","href":"https:\/\/api.w.org\/{rel}","templated":true}]}}