{"id":2133,"date":"2024-07-04T15:45:39","date_gmt":"2024-07-04T13:45:39","guid":{"rendered":"https:\/\/vsapple.beyzer.com\/qualitaet\/"},"modified":"2025-02-24T11:36:18","modified_gmt":"2025-02-24T10:36:18","slug":"qualitat","status":"publish","type":"page","link":"https:\/\/www.vsapple.com\/de\/qualitat\/","title":{"rendered":"Qualit\u00e4t"},"content":{"rendered":"\t\t<div data-elementor-type=\"wp-page\" data-elementor-id=\"2133\" class=\"elementor elementor-2133 elementor-555\" data-elementor-post-type=\"page\">\n\t\t\t\t<div class=\"elementor-element elementor-element-4754bd7 e-flex e-con-boxed e-con e-parent\" data-id=\"4754bd7\" data-element_type=\"container\">\n\t\t\t\t\t<div class=\"e-con-inner\">\n\t\t<div class=\"elementor-element elementor-element-5497bd3 e-con-full e-flex e-con e-child\" data-id=\"5497bd3\" data-element_type=\"container\">\n\t\t\t\t<div class=\"elementor-element elementor-element-a2fb1d6 elementor-widget elementor-widget-heading\" data-id=\"a2fb1d6\" data-element_type=\"widget\" data-widget_type=\"heading.default\">\n\t\t\t\t<div class=\"elementor-widget-container\">\n\t\t\t<div class=\"elementor-heading-title elementor-size-default\"><a class=\"breadcrumb-link\" href=\"\/de\/\">Home<\/a>&nbsp;&nbsp;&rsaquo;&nbsp;&nbsp;<a class=\"breadcrumb-link\" href=\"\/de\/uber-uns\/\">\u00dcber uns<\/a>&nbsp;&nbsp;&rsaquo;&nbsp;&nbsp;Qualit\u00e4t<\/div>\t\t<\/div>\n\t\t\t\t<\/div>\n\t\t\t\t<div class=\"elementor-element elementor-element-24a6b6f elementor-widget elementor-widget-text-editor\" data-id=\"24a6b6f\" data-element_type=\"widget\" data-widget_type=\"text-editor.default\">\n\t\t\t\t<div class=\"elementor-widget-container\">\n\t\t\t<style>\/*! elementor - v3.23.0 - 05-08-2024 *\/\n.elementor-widget-text-editor.elementor-drop-cap-view-stacked .elementor-drop-cap{background-color:#69727d;color:#fff}.elementor-widget-text-editor.elementor-drop-cap-view-framed .elementor-drop-cap{color:#69727d;border:3px solid;background-color:transparent}.elementor-widget-text-editor:not(.elementor-drop-cap-view-default) .elementor-drop-cap{margin-top:8px}.elementor-widget-text-editor:not(.elementor-drop-cap-view-default) .elementor-drop-cap-letter{width:1em;height:1em}.elementor-widget-text-editor .elementor-drop-cap{float:left;text-align:center;line-height:1;font-size:50px}.elementor-widget-text-editor .elementor-drop-cap-letter{display:inline-block}<\/style>\t\t\t\t<p>VS Apple Industries B.V. strebt immer nach der h\u00f6chstm\u00f6glichen Qualit\u00e4t f\u00fcr seine Produkte. Lebensmittelsicherheit ist daf\u00fcr eine absolute Voraussetzung. Um eine hohe Qualit\u00e4t, Frische und Lebensmittelsicherheit zu garantieren, hat VS Apple Industries B.V. verschiedene Qualit\u00e4tszertifikate:<\/p><ul><li>FSSC22000 Zertifikat VS Apple Industries BV;<\/li><li>SKAL Zertifikat VS Apple Industries B.V. (2021);<\/li><li>RiskPlaza.<\/li><\/ul><h3>Kontinuierliche \u00dcberpr\u00fcfung<\/h3><p>Dar\u00fcber hinaus pr\u00fcft VS Apple Industries B.V. seine Produkte kontinuierlich. Unser Produktionsprozess ist komplett auf eine kontinuierliche Verbesserung ausgerichtet. Von T\u00fcr zu T\u00fcr, gibt es laufende Qualit\u00e4tspr\u00fcfungen und im Labor von VS Apple Industries B.V. legen unsere Produktingenieure, zus\u00e4tzlich zu den Tests, einen besonderen Schwerpunkt auf die Vervollst\u00e4ndigung der Optimierung der Produkte.<\/p><h3>Lieferantenauswahl und Eingangskontrolle<\/h3><p>Um die Qualit\u00e4t unserer Fruchtzubereitungen zu gew\u00e4hrleisten, erfordert VS Apple Industries B.V. auch von seinen Lieferanten, dass sie Global G.A.P. zertifiziert sind und dass sie die R\u00fcckstandsanalyse demonstrieren k\u00f6nnen. Wir besuchen unsere Lieferanten auch f\u00fcr eine Standortbewertung.<\/p><h3>R\u00fcckverfolgbar und transparent<\/h3><p>Die Produktion von VS Apple Industries B.V. ist vollst\u00e4ndig transparent. Unser ERP-System macht es einfach, unsere Verpackungen, Rohstoffe und Hilfsmaterialien zu verfolgen.<\/p>\t\t\t\t\t\t<\/div>\n\t\t\t\t<\/div>\n\t\t\t\t<\/div>\n\t\t<div class=\"elementor-element elementor-element-faec744 e-con-full e-flex e-con e-child\" data-id=\"faec744\" data-element_type=\"container\">\n\t\t\t\t<div class=\"elementor-element elementor-element-63d7596 elementor-arrows-position-inside elementor-pagination-position-outside elementor-widget elementor-widget-image-carousel\" data-id=\"63d7596\" data-element_type=\"widget\" data-settings=\"{&quot;slides_to_show&quot;:&quot;1&quot;,&quot;navigation&quot;:&quot;both&quot;,&quot;infinite&quot;:&quot;yes&quot;,&quot;effect&quot;:&quot;slide&quot;,&quot;speed&quot;:500}\" data-widget_type=\"image-carousel.default\">\n\t\t\t\t<div class=\"elementor-widget-container\">\n\t\t\t<style>\/*! elementor - v3.23.0 - 05-08-2024 *\/\n.elementor-widget-image-carousel .swiper,.elementor-widget-image-carousel .swiper-container{position:static}.elementor-widget-image-carousel .swiper-container .swiper-slide figure,.elementor-widget-image-carousel .swiper .swiper-slide figure{line-height:inherit}.elementor-widget-image-carousel .swiper-slide{text-align:center}.elementor-image-carousel-wrapper:not(.swiper-container-initialized):not(.swiper-initialized) .swiper-slide{max-width:calc(100% \/ var(--e-image-carousel-slides-to-show, 3))}<\/style>\t\t<div class=\"elementor-image-carousel-wrapper swiper\" dir=\"ltr\">\n\t\t\t<div class=\"elementor-image-carousel swiper-wrapper swiper-image-stretch\" aria-live=\"polite\">\n\t\t\t\t\t\t\t\t<div class=\"swiper-slide\" role=\"group\" aria-roledescription=\"slide\" aria-label=\"1 von 2\"><a data-elementor-open-lightbox=\"yes\" data-elementor-lightbox-slideshow=\"63d7596\" data-elementor-lightbox-title=\"food-safety-vs-apple-industries\" data-e-action-hash=\"#elementor-action%3Aaction%3Dlightbox%26settings%3DeyJpZCI6OTYwLCJ1cmwiOiJodHRwczpcL1wvd3d3LnZzYXBwbGUuY29tXC93cC1jb250ZW50XC91cGxvYWRzXC9mb29kLXNhZmV0eS12cy1hcHBsZS1pbmR1c3RyaWVzLXNjYWxlZC5qcGciLCJzbGlkZXNob3ciOiI2M2Q3NTk2In0%3D\" href=\"https:\/\/www.vsapple.com\/wp-content\/uploads\/food-safety-vs-apple-industries-scaled.jpg\"><figure class=\"swiper-slide-inner\"><img decoding=\"async\" class=\"swiper-slide-image\" src=\"https:\/\/www.vsapple.com\/wp-content\/uploads\/food-safety-vs-apple-industries-768x1152.jpg\" alt=\"Voedselveiligheid staat bij VS Apple Industries hoog in het vaandel\" \/><\/figure><\/a><\/div><div class=\"swiper-slide\" role=\"group\" aria-roledescription=\"slide\" aria-label=\"2 von 2\"><a data-elementor-open-lightbox=\"yes\" data-elementor-lightbox-slideshow=\"63d7596\" data-elementor-lightbox-title=\"receptuur-ontwikkelen\" data-e-action-hash=\"#elementor-action%3Aaction%3Dlightbox%26settings%3DeyJpZCI6ODg4LCJ1cmwiOiJodHRwczpcL1wvd3d3LnZzYXBwbGUuY29tXC93cC1jb250ZW50XC91cGxvYWRzXC9yZWNlcHR1dXItb250d2lra2VsZW4uanBnIiwic2xpZGVzaG93IjoiNjNkNzU5NiJ9\" href=\"https:\/\/www.vsapple.com\/wp-content\/uploads\/receptuur-ontwikkelen.jpg\"><figure class=\"swiper-slide-inner\"><img decoding=\"async\" class=\"swiper-slide-image\" src=\"https:\/\/www.vsapple.com\/wp-content\/uploads\/receptuur-ontwikkelen-768x1152.jpg\" alt=\"Test Centre\" \/><\/figure><\/a><\/div>\t\t\t<\/div>\n\t\t\t\t\t\t\t\t\t\t\t\t<div class=\"elementor-swiper-button elementor-swiper-button-prev\" role=\"button\" tabindex=\"0\">\n\t\t\t\t\t\t<svg aria-hidden=\"true\" class=\"e-font-icon-svg e-eicon-chevron-left\" viewBox=\"0 0 1000 1000\" xmlns=\"http:\/\/www.w3.org\/2000\/svg\"><path d=\"M646 125C629 125 613 133 604 142L308 442C296 454 292 471 292 487 292 504 296 521 308 533L604 854C617 867 629 875 646 875 663 875 679 871 692 858 704 846 713 829 713 812 713 796 708 779 692 767L438 487 692 225C700 217 708 204 708 187 708 171 704 154 692 142 675 129 663 125 646 125Z\"><\/path><\/svg>\t\t\t\t\t<\/div>\n\t\t\t\t\t<div class=\"elementor-swiper-button elementor-swiper-button-next\" role=\"button\" tabindex=\"0\">\n\t\t\t\t\t\t<svg aria-hidden=\"true\" class=\"e-font-icon-svg e-eicon-chevron-right\" viewBox=\"0 0 1000 1000\" xmlns=\"http:\/\/www.w3.org\/2000\/svg\"><path d=\"M696 533C708 521 713 504 713 487 713 471 708 454 696 446L400 146C388 133 375 125 354 125 338 125 325 129 313 142 300 154 292 171 292 187 292 204 296 221 308 233L563 492 304 771C292 783 288 800 288 817 288 833 296 850 308 863 321 871 338 875 354 875 371 875 388 867 400 854L696 533Z\"><\/path><\/svg>\t\t\t\t\t<\/div>\n\t\t\t\t\n\t\t\t\t\t\t\t\t\t<div class=\"swiper-pagination\"><\/div>\n\t\t\t\t\t\t\t\t\t<\/div>\n\t\t\t\t<\/div>\n\t\t\t\t<\/div>\n\t\t<div class=\"elementor-element elementor-element-dcb986c e-con-full e-flex e-con e-child\" data-id=\"dcb986c\" data-element_type=\"container\">\n\t\t\t\t<div class=\"elementor-element elementor-element-826f695 e-transform elementor-widget elementor-widget-image\" data-id=\"826f695\" data-element_type=\"widget\" data-settings=\"{&quot;_transform_scale_effect_hover&quot;:{&quot;unit&quot;:&quot;px&quot;,&quot;size&quot;:1.05,&quot;sizes&quot;:[]},&quot;_transform_scale_effect_hover_tablet&quot;:{&quot;unit&quot;:&quot;px&quot;,&quot;size&quot;:&quot;&quot;,&quot;sizes&quot;:[]},&quot;_transform_scale_effect_hover_mobile&quot;:{&quot;unit&quot;:&quot;px&quot;,&quot;size&quot;:&quot;&quot;,&quot;sizes&quot;:[]}}\" data-widget_type=\"image.default\">\n\t\t\t\t<div class=\"elementor-widget-container\">\n\t\t\t<style>\/*! elementor - v3.23.0 - 05-08-2024 *\/\n.elementor-widget-image{text-align:center}.elementor-widget-image a{display:inline-block}.elementor-widget-image a img[src$=\".svg\"]{width:48px}.elementor-widget-image img{vertical-align:middle;display:inline-block}<\/style>\t\t\t\t\t\t\t\t\t\t\t<a href=\"https:\/\/www.vsapple.com\/wp-content\/uploads\/FSSC22000-26-9-2027-VS-Apple-1.pdf\" target=\"_blank\">\n\t\t\t\t\t\t\t<img fetchpriority=\"high\" decoding=\"async\" width=\"600\" height=\"177\" src=\"https:\/\/www.vsapple.com\/wp-content\/uploads\/fssc-22000.png\" class=\"attachment-large size-large wp-image-689\" alt=\"FSSC 22000\" srcset=\"https:\/\/www.vsapple.com\/wp-content\/uploads\/fssc-22000.png 600w, https:\/\/www.vsapple.com\/wp-content\/uploads\/fssc-22000-300x89.png 300w\" sizes=\"(max-width: 600px) 100vw, 600px\" \/>\t\t\t\t\t\t\t\t<\/a>\n\t\t\t\t\t\t\t\t\t\t\t\t\t<\/div>\n\t\t\t\t<\/div>\n\t\t\t\t<div class=\"elementor-element elementor-element-71fbb9b e-transform elementor-widget elementor-widget-image\" data-id=\"71fbb9b\" data-element_type=\"widget\" data-settings=\"{&quot;_transform_scale_effect_hover&quot;:{&quot;unit&quot;:&quot;px&quot;,&quot;size&quot;:1.05,&quot;sizes&quot;:[]},&quot;_transform_scale_effect_hover_tablet&quot;:{&quot;unit&quot;:&quot;px&quot;,&quot;size&quot;:&quot;&quot;,&quot;sizes&quot;:[]},&quot;_transform_scale_effect_hover_mobile&quot;:{&quot;unit&quot;:&quot;px&quot;,&quot;size&quot;:&quot;&quot;,&quot;sizes&quot;:[]}}\" data-widget_type=\"image.default\">\n\t\t\t\t<div class=\"elementor-widget-container\">\n\t\t\t\t\t\t\t\t\t\t\t\t\t\t<a href=\"https:\/\/www.vsapple.com\/wp-content\/uploads\/SKAL-1-1-2026.pdf\" target=\"_blank\">\n\t\t\t\t\t\t\t<img decoding=\"async\" width=\"800\" height=\"800\" src=\"https:\/\/www.vsapple.com\/wp-content\/uploads\/skal.png\" class=\"attachment-large size-large wp-image-611\" alt=\"\" srcset=\"https:\/\/www.vsapple.com\/wp-content\/uploads\/skal.png 808w, https:\/\/www.vsapple.com\/wp-content\/uploads\/skal-300x300.png 300w, https:\/\/www.vsapple.com\/wp-content\/uploads\/skal-768x768.png 768w\" sizes=\"(max-width: 800px) 100vw, 800px\" \/>\t\t\t\t\t\t\t\t<\/a>\n\t\t\t\t\t\t\t\t\t\t\t\t\t<\/div>\n\t\t\t\t<\/div>\n\t\t\t\t<div class=\"elementor-element elementor-element-e85a0f6 elementor-widget elementor-widget-image\" data-id=\"e85a0f6\" data-element_type=\"widget\" data-widget_type=\"image.default\">\n\t\t\t\t<div class=\"elementor-widget-container\">\n\t\t\t\t\t\t\t\t\t\t\t\t\t\t<a href=\"https:\/\/www.vsapple.com\/wp-content\/uploads\/Riskplaza-geldig-tot-20-09-2025.pdf\">\n\t\t\t\t\t\t\t<img decoding=\"async\" width=\"491\" height=\"115\" src=\"https:\/\/www.vsapple.com\/wp-content\/uploads\/riskplaza.png\" class=\"attachment-large size-large wp-image-612\" alt=\"\" srcset=\"https:\/\/www.vsapple.com\/wp-content\/uploads\/riskplaza.png 491w, https:\/\/www.vsapple.com\/wp-content\/uploads\/riskplaza-300x70.png 300w\" sizes=\"(max-width: 491px) 100vw, 491px\" \/>\t\t\t\t\t\t\t\t<\/a>\n\t\t\t\t\t\t\t\t\t\t\t\t\t<\/div>\n\t\t\t\t<\/div>\n\t\t\t\t<\/div>\n\t\t\t\t<div class=\"elementor-element elementor-element-2344781 elementor-align-center elementor-widget elementor-widget-button\" data-id=\"2344781\" data-element_type=\"widget\" data-widget_type=\"button.default\">\n\t\t\t\t<div class=\"elementor-widget-container\">\n\t\t\t\t\t<div class=\"elementor-button-wrapper\">\n\t\t\t<a class=\"elementor-button elementor-button-link elementor-size-sm\" href=\"\/de\/kontakt\/\">\n\t\t\t\t\t\t<span class=\"elementor-button-content-wrapper\">\n\t\t\t\t\t\t\t\t\t<span class=\"elementor-button-text\">Kontakt aufnehmen<\/span>\n\t\t\t\t\t<\/span>\n\t\t\t\t\t<\/a>\n\t\t<\/div>\n\t\t\t\t<\/div>\n\t\t\t\t<\/div>\n\t\t\t\t<\/div>\n\t\t\t\t\t<\/div>\n\t\t\t\t<\/div>\n\t\t<div class=\"elementor-element elementor-element-b9616b9 e-con-full e-flex e-con e-parent\" data-id=\"b9616b9\" data-element_type=\"container\" data-settings=\"{&quot;background_background&quot;:&quot;classic&quot;}\">\n\t\t<div class=\"elementor-element elementor-element-cba1568 e-flex e-con-boxed e-con e-child\" data-id=\"cba1568\" data-element_type=\"container\">\n\t\t\t\t\t<div class=\"e-con-inner\">\n\t\t\t\t<div class=\"elementor-element elementor-element-802257e elementor-widget__width-initial elementor-widget-mobile__width-inherit elementor-widget elementor-widget-heading\" data-id=\"802257e\" data-element_type=\"widget\" data-widget_type=\"heading.default\">\n\t\t\t\t<div class=\"elementor-widget-container\">\n\t\t\t<style>\/*! elementor - v3.23.0 - 05-08-2024 *\/\n.elementor-heading-title{padding:0;margin:0;line-height:1}.elementor-widget-heading .elementor-heading-title[class*=elementor-size-]>a{color:inherit;font-size:inherit;line-height:inherit}.elementor-widget-heading .elementor-heading-title.elementor-size-small{font-size:15px}.elementor-widget-heading .elementor-heading-title.elementor-size-medium{font-size:19px}.elementor-widget-heading .elementor-heading-title.elementor-size-large{font-size:29px}.elementor-widget-heading .elementor-heading-title.elementor-size-xl{font-size:39px}.elementor-widget-heading .elementor-heading-title.elementor-size-xxl{font-size:59px}<\/style><h2 class=\"elementor-heading-title elementor-size-default\">Kontakt aufnehmen<\/h2>\t\t<\/div>\n\t\t\t\t<\/div>\n\t\t\t\t<div class=\"elementor-element elementor-element-b6f5b9f elementor-widget__width-initial elementor-widget elementor-widget-heading\" data-id=\"b6f5b9f\" data-element_type=\"widget\" data-widget_type=\"heading.default\">\n\t\t\t\t<div class=\"elementor-widget-container\">\n\t\t\t<div class=\"elementor-heading-title elementor-size-default\">Sie fragen sich, was wir f\u00fcr Sie tun k\u00f6nnen? Nehmen Sie Kontakt auf, um die M\u00f6glichkeiten zu besprechen.  <\/div>\t\t<\/div>\n\t\t\t\t<\/div>\n\t\t\t\t<div class=\"elementor-element elementor-element-46a99ae elementor-widget elementor-widget-button\" data-id=\"46a99ae\" data-element_type=\"widget\" data-widget_type=\"button.default\">\n\t\t\t\t<div class=\"elementor-widget-container\">\n\t\t\t\t\t<div class=\"elementor-button-wrapper\">\n\t\t\t<a class=\"elementor-button elementor-button-link elementor-size-sm\" href=\"\/de\/kontakt\/\">\n\t\t\t\t\t\t<span class=\"elementor-button-content-wrapper\">\n\t\t\t\t\t\t\t\t\t<span class=\"elementor-button-text\">Kontakt aufnehmen<\/span>\n\t\t\t\t\t<\/span>\n\t\t\t\t\t<\/a>\n\t\t<\/div>\n\t\t\t\t<\/div>\n\t\t\t\t<\/div>\n\t\t\t\t\t<\/div>\n\t\t\t\t<\/div>\n\t\t\t\t<\/div>\n\t\t\t\t<\/div>\n\t\t","protected":false},"excerpt":{"rendered":"<p>VS Apple Industries B.V. strebt immer nach der h\u00f6chstm\u00f6glichen Qualit\u00e4t f\u00fcr seine Produkte. Lebensmittelsicherheit ist daf\u00fcr eine absolute Voraussetzung. Um eine hohe Qualit\u00e4t, Frische und Lebensmittelsicherheit zu garantieren, hat VS Apple Industries B.V. verschiedene Qualit\u00e4tszertifikate: FSSC22000 Zertifikat VS Apple Industries BV; SKAL Zertifikat VS Apple Industries B.V. (2021); RiskPlaza. Kontinuierliche \u00dcberpr\u00fcfung Dar\u00fcber hinaus pr\u00fcft VS [&hellip;]<\/p>\n","protected":false},"author":1,"featured_media":0,"parent":0,"menu_order":0,"comment_status":"closed","ping_status":"closed","template":"","meta":{"_acf_changed":false,"footnotes":""},"class_list":["post-2133","page","type-page","status-publish","hentry"],"acf":[],"yoast_head":"<!-- This site is optimized with the Yoast SEO plugin v23.4 - https:\/\/yoast.com\/wordpress\/plugins\/seo\/ -->\n<title>Qualit\u00e4t - VS Apple Industries<\/title>\n<meta name=\"description\" content=\"VS Apple Industries B.V. strebt immer nach der h\u00f6chstm\u00f6glichen Qualit\u00e4t f\u00fcr seine Produkte. Lebensmittelsicherheit ist daf\u00fcr eine absolute Voraussetzun.\" \/>\n<meta name=\"robots\" content=\"index, follow, max-snippet:-1, max-image-preview:large, max-video-preview:-1\" \/>\n<link rel=\"canonical\" href=\"https:\/\/www.vsapple.com\/kwaliteit\/\" \/>\n<meta property=\"og:locale\" content=\"de_DE\" \/>\n<meta property=\"og:type\" content=\"article\" \/>\n<meta property=\"og:title\" content=\"Qualit\u00e4t\" \/>\n<meta property=\"og:description\" content=\"VS Apple Industries B.V. strebt immer nach der h\u00f6chstm\u00f6glichen Qualit\u00e4t f\u00fcr seine Produkte. Lebensmittelsicherheit ist daf\u00fcr eine absolute Voraussetzun.\" \/>\n<meta property=\"og:url\" content=\"https:\/\/www.vsapple.com\/kwaliteit\/\" \/>\n<meta property=\"og:site_name\" content=\"VS Apple Industries\" \/>\n<meta property=\"article:modified_time\" content=\"2025-02-24T10:36:18+00:00\" \/>\n<meta property=\"og:image\" content=\"https:\/\/www.vsapple.com\/wp-content\/uploads\/certificaten-vs-apple-industries-fruit-processing-scaled.jpg\" \/>\n\t<meta property=\"og:image:width\" content=\"1707\" \/>\n\t<meta property=\"og:image:height\" content=\"2560\" \/>\n\t<meta property=\"og:image:type\" content=\"image\/jpeg\" \/>\n<meta name=\"twitter:card\" content=\"summary_large_image\" \/>\n<meta name=\"twitter:label1\" content=\"Gesch\u00e4tzte Lesezeit\" \/>\n\t<meta name=\"twitter:data1\" content=\"3 Minuten\" \/>\n<script type=\"application\/ld+json\" class=\"yoast-schema-graph\">{\"@context\":\"https:\/\/schema.org\",\"@graph\":[{\"@type\":\"WebPage\",\"@id\":\"https:\/\/www.vsapple.com\/kwaliteit\/\",\"url\":\"https:\/\/www.vsapple.com\/kwaliteit\/\",\"name\":\"Qualit\u00e4t - VS Apple Industries\",\"isPartOf\":{\"@id\":\"https:\/\/www.vsapple.com\/#website\"},\"primaryImageOfPage\":{\"@id\":\"https:\/\/www.vsapple.com\/kwaliteit\/#primaryimage\"},\"image\":{\"@id\":\"https:\/\/www.vsapple.com\/kwaliteit\/#primaryimage\"},\"thumbnailUrl\":\"https:\/\/www.vsapple.com\/wp-content\/uploads\/food-safety-vs-apple-industries-768x1152.jpg\",\"datePublished\":\"2024-07-04T13:45:39+00:00\",\"dateModified\":\"2025-02-24T10:36:18+00:00\",\"description\":\"VS Apple Industries B.V. strebt immer nach der h\u00f6chstm\u00f6glichen Qualit\u00e4t f\u00fcr seine Produkte. Lebensmittelsicherheit ist daf\u00fcr eine absolute Voraussetzun.\",\"breadcrumb\":{\"@id\":\"https:\/\/www.vsapple.com\/kwaliteit\/#breadcrumb\"},\"inLanguage\":\"de-DE\",\"potentialAction\":[{\"@type\":\"ReadAction\",\"target\":[\"https:\/\/www.vsapple.com\/kwaliteit\/\"]}]},{\"@type\":\"ImageObject\",\"inLanguage\":\"de-DE\",\"@id\":\"https:\/\/www.vsapple.com\/kwaliteit\/#primaryimage\",\"url\":\"https:\/\/www.vsapple.com\/wp-content\/uploads\/food-safety-vs-apple-industries-768x1152.jpg\",\"contentUrl\":\"https:\/\/www.vsapple.com\/wp-content\/uploads\/food-safety-vs-apple-industries-768x1152.jpg\"},{\"@type\":\"BreadcrumbList\",\"@id\":\"https:\/\/www.vsapple.com\/kwaliteit\/#breadcrumb\",\"itemListElement\":[{\"@type\":\"ListItem\",\"position\":1,\"name\":\"Home\",\"item\":\"https:\/\/www.vsapple.com\/\"},{\"@type\":\"ListItem\",\"position\":2,\"name\":\"Qualit\u00e4t\"}]},{\"@type\":\"WebSite\",\"@id\":\"https:\/\/www.vsapple.com\/#website\",\"url\":\"https:\/\/www.vsapple.com\/\",\"name\":\"VS Apple Industries\",\"description\":\"Uw partner in fruitverwerking\",\"potentialAction\":[{\"@type\":\"SearchAction\",\"target\":{\"@type\":\"EntryPoint\",\"urlTemplate\":\"https:\/\/www.vsapple.com\/?s={search_term_string}\"},\"query-input\":{\"@type\":\"PropertyValueSpecification\",\"valueRequired\":true,\"valueName\":\"search_term_string\"}}],\"inLanguage\":\"de-DE\"}]}<\/script>\n<!-- \/ Yoast SEO plugin. -->","yoast_head_json":{"title":"Qualit\u00e4t - VS Apple Industries","description":"VS Apple Industries B.V. strebt immer nach der h\u00f6chstm\u00f6glichen Qualit\u00e4t f\u00fcr seine Produkte. Lebensmittelsicherheit ist daf\u00fcr eine absolute Voraussetzun.","robots":{"index":"index","follow":"follow","max-snippet":"max-snippet:-1","max-image-preview":"max-image-preview:large","max-video-preview":"max-video-preview:-1"},"canonical":"https:\/\/www.vsapple.com\/kwaliteit\/","og_locale":"de_DE","og_type":"article","og_title":"Qualit\u00e4t","og_description":"VS Apple Industries B.V. strebt immer nach der h\u00f6chstm\u00f6glichen Qualit\u00e4t f\u00fcr seine Produkte. Lebensmittelsicherheit ist daf\u00fcr eine absolute Voraussetzun.","og_url":"https:\/\/www.vsapple.com\/kwaliteit\/","og_site_name":"VS Apple Industries","article_modified_time":"2025-02-24T10:36:18+00:00","og_image":[{"width":1707,"height":2560,"url":"https:\/\/www.vsapple.com\/wp-content\/uploads\/certificaten-vs-apple-industries-fruit-processing-scaled.jpg","type":"image\/jpeg"}],"twitter_card":"summary_large_image","twitter_misc":{"Gesch\u00e4tzte Lesezeit":"3 Minuten"},"schema":{"@context":"https:\/\/schema.org","@graph":[{"@type":"WebPage","@id":"https:\/\/www.vsapple.com\/kwaliteit\/","url":"https:\/\/www.vsapple.com\/kwaliteit\/","name":"Qualit\u00e4t - VS Apple Industries","isPartOf":{"@id":"https:\/\/www.vsapple.com\/#website"},"primaryImageOfPage":{"@id":"https:\/\/www.vsapple.com\/kwaliteit\/#primaryimage"},"image":{"@id":"https:\/\/www.vsapple.com\/kwaliteit\/#primaryimage"},"thumbnailUrl":"https:\/\/www.vsapple.com\/wp-content\/uploads\/food-safety-vs-apple-industries-768x1152.jpg","datePublished":"2024-07-04T13:45:39+00:00","dateModified":"2025-02-24T10:36:18+00:00","description":"VS Apple Industries B.V. strebt immer nach der h\u00f6chstm\u00f6glichen Qualit\u00e4t f\u00fcr seine Produkte. Lebensmittelsicherheit ist daf\u00fcr eine absolute Voraussetzun.","breadcrumb":{"@id":"https:\/\/www.vsapple.com\/kwaliteit\/#breadcrumb"},"inLanguage":"de-DE","potentialAction":[{"@type":"ReadAction","target":["https:\/\/www.vsapple.com\/kwaliteit\/"]}]},{"@type":"ImageObject","inLanguage":"de-DE","@id":"https:\/\/www.vsapple.com\/kwaliteit\/#primaryimage","url":"https:\/\/www.vsapple.com\/wp-content\/uploads\/food-safety-vs-apple-industries-768x1152.jpg","contentUrl":"https:\/\/www.vsapple.com\/wp-content\/uploads\/food-safety-vs-apple-industries-768x1152.jpg"},{"@type":"BreadcrumbList","@id":"https:\/\/www.vsapple.com\/kwaliteit\/#breadcrumb","itemListElement":[{"@type":"ListItem","position":1,"name":"Home","item":"https:\/\/www.vsapple.com\/"},{"@type":"ListItem","position":2,"name":"Qualit\u00e4t"}]},{"@type":"WebSite","@id":"https:\/\/www.vsapple.com\/#website","url":"https:\/\/www.vsapple.com\/","name":"VS Apple Industries","description":"Uw partner in fruitverwerking","potentialAction":[{"@type":"SearchAction","target":{"@type":"EntryPoint","urlTemplate":"https:\/\/www.vsapple.com\/?s={search_term_string}"},"query-input":{"@type":"PropertyValueSpecification","valueRequired":true,"valueName":"search_term_string"}}],"inLanguage":"de-DE"}]}},"_links":{"self":[{"href":"https:\/\/www.vsapple.com\/de\/wp-json\/wp\/v2\/pages\/2133"}],"collection":[{"href":"https:\/\/www.vsapple.com\/de\/wp-json\/wp\/v2\/pages"}],"about":[{"href":"https:\/\/www.vsapple.com\/de\/wp-json\/wp\/v2\/types\/page"}],"author":[{"embeddable":true,"href":"https:\/\/www.vsapple.com\/de\/wp-json\/wp\/v2\/users\/1"}],"replies":[{"embeddable":true,"href":"https:\/\/www.vsapple.com\/de\/wp-json\/wp\/v2\/comments?post=2133"}],"version-history":[{"count":9,"href":"https:\/\/www.vsapple.com\/de\/wp-json\/wp\/v2\/pages\/2133\/revisions"}],"predecessor-version":[{"id":3409,"href":"https:\/\/www.vsapple.com\/de\/wp-json\/wp\/v2\/pages\/2133\/revisions\/3409"}],"wp:attachment":[{"href":"https:\/\/www.vsapple.com\/de\/wp-json\/wp\/v2\/media?parent=2133"}],"curies":[{"name":"wp","href":"https:\/\/api.w.org\/{rel}","templated":true}]}}