{"id":2277,"date":"2024-07-04T12:21:49","date_gmt":"2024-07-04T10:21:49","guid":{"rendered":"https:\/\/vsapple.beyzer.com\/product\/kirschfuellung\/"},"modified":"2024-09-03T11:25:24","modified_gmt":"2024-09-03T09:25:24","slug":"kirschfullung","status":"publish","type":"product","link":"https:\/\/www.vsapple.com\/de\/product\/kirschfullung\/","title":{"rendered":"Kirschf\u00fcllung"},"content":{"rendered":"\r\n<p>Sind Sie auf der Suche nach der leckersten Kirschf\u00fcllung f\u00fcr Ihren Kuchen oder Ihr Milchprodukt? Mit \u00fcber drei\u00dfig Jahren Erfahrung versteht VS Apple Industries B.V. die einzigartigen Bed\u00fcrfnisse der industriellen B\u00e4cker und Milchproduktehersteller wie kein anderer. Wenn Sie unsere Kirschf\u00fcllung probieren, erleben Sie den Geschmack der Perfektion.<\/p>\r\n\r\n\r\n\r\n<h2 class=\"wp-block-heading\">Kirschf\u00fcllung: Der unverzichtbare Geschmack von Kuchen bis Joghurt<\/h2>\r\n\r\n\r\n\r\n<p>Von Kirschf\u00fcllungen f\u00fcr Kuchen bis hin zu k\u00f6stlichen Geschmackserlebnissen in Joghurt: Unsere Kirschf\u00fcllung ist back- und gefrierstabil, was sie f\u00fcr eine Vielzahl von Anwendungen geeignet macht. Die tiefviolett-rote Farbe der Kirschf\u00fcllung harmoniert perfekt mit wei\u00dfen Milchprodukten und verleiht jedem Backprodukt den letzten Schliff. Durch strenge Kontrolle der Rohstoffe stellt VS Apple Industries eine herrlich geschmackvolle Kirschf\u00fcllung her, bei der zus\u00e4tzliche Aromen absolut \u00fcberfl\u00fcssig sind. Wir verarbeiten die reifen, sorgf\u00e4ltig ausgew\u00e4hlten Kirschen direkt zu einer hochwertigen Fruchtf\u00fcllung, ganz ohne k\u00fcnstliche Farb- und Geschmacksstoffe. So bleibt der reife und nat\u00fcrliche Geschmack erhalten, was eine einzigartige Kombination aus Geschmack, Textur und Vielseitigkeit bietet. Dank ihrer hohen Viskosit\u00e4t und dem hohen Fruchtgehalt gew\u00e4hrleisten wir eine hohe Konsistenz.<\/p>\r\n\r\n\r\n\r\n<h2 class=\"wp-block-heading\">Kirschf\u00fcllung: Spezifikationen<\/h2>\r\n\r\n\r\n\r\n<ul class=\"wp-block-list\">\r\n<li>Die Kirschf\u00fcllung ist back- und gefrierstabil. Die F\u00fcllung beh\u00e4lt ihre Textur und ihren Geschmack sowohl bei hohen als auch bei niedrigen Temperaturen, wodurch sie sich hervorragend f\u00fcr verschiedene Anwendungen eignet.<\/li>\r\n\r\n\r\n\r\n<li>Die Kirschf\u00fcllung ist auch als extra gebundene Variante erh\u00e4ltlich.<\/li>\r\n\r\n\r\n\r\n<li>Die Kirschf\u00fcllung ist sowohl mit ganzen Kirschen als auch mit 10 mm gro\u00dfen Kirschst\u00fccken erh\u00e4ltlich.<\/li>\r\n\r\n\r\n\r\n<li>Die Kirschf\u00fcllung ist auch verf\u00fcgbar ohne Aroma.<\/li>\r\n\r\n\r\n\r\n<li>Die Kirschf\u00fcllung kann als Clean-Label-Produkt hergestellt werden.<\/li>\r\n<\/ul>\r\n\r\n\r\n\r\n<h2 class=\"wp-block-heading\">Warum die Kirschf\u00fcllung von VS Apple Industries w\u00e4hlen?<\/h2>\r\n\r\n\r\n\r\n<ul class=\"wp-block-list\">\r\n<li>Dank unserer High-Tech-Produktionsanlage garantieren wir Konsistenz in Geschmack und Qualit\u00e4t.<\/li>\r\n\r\n\r\n\r\n<li>Mit der Wahl von VS Apple Industries entscheiden Sie sich f\u00fcr kurze Kommunikationswege und schnellen Service, vor allem aber f\u00fcr eine Premium-Kirschf\u00fcllung mit dem h\u00f6chsten Fruchtgehalt auf dem Markt \u2013 ein unverzichtbarer Geschmacksverst\u00e4rker f\u00fcr Ihr Endprodukt.<\/li>\r\n\r\n\r\n\r\n<li>Wir bieten die Flexibilit\u00e4t, die Sie von einem Partner erwarten. Wir verstehen, dass jedes Produkt einzigartige Spezifikationen und Anforderungen hat. Unser Expertenteam steht Ihnen daher zur Verf\u00fcgung, um Sie zu beraten und bei Bedarf eine ma\u00dfgeschneiderte Rezeptur zu erstellen.<\/li>\r\n<\/ul>\r\n","protected":false},"author":2,"featured_media":1908,"template":"","meta":{"_acf_changed":true},"categorie":[32],"class_list":["post-2277","product","type-product","status-publish","has-post-thumbnail","hentry","categorie-fruchtfullung"],"acf":[],"yoast_head":"<!-- This site is optimized with the Yoast SEO plugin v23.4 - https:\/\/yoast.com\/wordpress\/plugins\/seo\/ -->\n<title>Kirschf\u00fcllung - VS Apple Industries<\/title>\n<meta name=\"description\" content=\"Wenn Sie unsere Kirschf\u00fcllung probieren, erleben Sie den Geschmack der Perfektion.\" \/>\n<meta name=\"robots\" content=\"index, follow, max-snippet:-1, max-image-preview:large, max-video-preview:-1\" \/>\n<link rel=\"canonical\" href=\"https:\/\/www.vsapple.com\/de\/product\/kirschfullung\/\" \/>\n<meta property=\"og:locale\" content=\"de_DE\" \/>\n<meta property=\"og:type\" content=\"article\" \/>\n<meta property=\"og:title\" content=\"Kirschf\u00fcllung\" \/>\n<meta property=\"og:description\" content=\"Sind Sie auf der Suche nach der leckersten Kirschf\u00fcllung f\u00fcr Ihren Kuchen oder Ihr Milchprodukt? Mit \u00fcber drei\u00dfig Jahren Erfahrung versteht VS Apple Industries B.V. die einzigartigen Bed\u00fcrfnisse der industriellen B\u00e4cker und Milchproduktehersteller wie kein anderer. Wenn Sie unsere Kirschf\u00fcllung probieren, erleben Sie den Geschmack der Perfektion.\" \/>\n<meta property=\"og:url\" content=\"https:\/\/www.vsapple.com\/de\/product\/kirschfullung\/\" \/>\n<meta property=\"og:site_name\" content=\"VS Apple Industries\" \/>\n<meta property=\"article:modified_time\" content=\"2024-09-03T09:25:24+00:00\" \/>\n<meta property=\"og:image\" content=\"https:\/\/www.vsapple.com\/wp-content\/uploads\/kersen-vlaaivulling.jpg\" \/>\n\t<meta property=\"og:image:width\" content=\"1000\" \/>\n\t<meta property=\"og:image:height\" content=\"1500\" \/>\n\t<meta property=\"og:image:type\" content=\"image\/jpeg\" \/>\n<meta name=\"twitter:card\" content=\"summary_large_image\" \/>\n<meta name=\"twitter:label1\" content=\"Gesch\u00e4tzte Lesezeit\" \/>\n\t<meta name=\"twitter:data1\" content=\"2 Minuten\" \/>\n<script type=\"application\/ld+json\" class=\"yoast-schema-graph\">{\"@context\":\"https:\/\/schema.org\",\"@graph\":[{\"@type\":\"WebPage\",\"@id\":\"https:\/\/www.vsapple.com\/de\/product\/kirschfullung\/\",\"url\":\"https:\/\/www.vsapple.com\/de\/product\/kirschfullung\/\",\"name\":\"Kirschf\u00fcllung - VS Apple Industries\",\"isPartOf\":{\"@id\":\"https:\/\/www.vsapple.com\/#website\"},\"primaryImageOfPage\":{\"@id\":\"https:\/\/www.vsapple.com\/de\/product\/kirschfullung\/#primaryimage\"},\"image\":{\"@id\":\"https:\/\/www.vsapple.com\/de\/product\/kirschfullung\/#primaryimage\"},\"thumbnailUrl\":\"https:\/\/www.vsapple.com\/wp-content\/uploads\/kersen-vlaai-vulling.jpg\",\"datePublished\":\"2024-07-04T10:21:49+00:00\",\"dateModified\":\"2024-09-03T09:25:24+00:00\",\"description\":\"Wenn Sie unsere Kirschf\u00fcllung probieren, erleben Sie den Geschmack der Perfektion.\",\"breadcrumb\":{\"@id\":\"https:\/\/www.vsapple.com\/de\/product\/kirschfullung\/#breadcrumb\"},\"inLanguage\":\"de-DE\",\"potentialAction\":[{\"@type\":\"ReadAction\",\"target\":[\"https:\/\/www.vsapple.com\/de\/product\/kirschfullung\/\"]}]},{\"@type\":\"ImageObject\",\"inLanguage\":\"de-DE\",\"@id\":\"https:\/\/www.vsapple.com\/de\/product\/kirschfullung\/#primaryimage\",\"url\":\"https:\/\/www.vsapple.com\/wp-content\/uploads\/kersen-vlaai-vulling.jpg\",\"contentUrl\":\"https:\/\/www.vsapple.com\/wp-content\/uploads\/kersen-vlaai-vulling.jpg\",\"width\":2048,\"height\":1365},{\"@type\":\"BreadcrumbList\",\"@id\":\"https:\/\/www.vsapple.com\/de\/product\/kirschfullung\/#breadcrumb\",\"itemListElement\":[{\"@type\":\"ListItem\",\"position\":1,\"name\":\"Home\",\"item\":\"https:\/\/www.vsapple.com\/\"},{\"@type\":\"ListItem\",\"position\":2,\"name\":\"Kirschf\u00fcllung\"}]},{\"@type\":\"WebSite\",\"@id\":\"https:\/\/www.vsapple.com\/#website\",\"url\":\"https:\/\/www.vsapple.com\/\",\"name\":\"VS Apple Industries\",\"description\":\"Uw partner in fruitverwerking\",\"potentialAction\":[{\"@type\":\"SearchAction\",\"target\":{\"@type\":\"EntryPoint\",\"urlTemplate\":\"https:\/\/www.vsapple.com\/?s={search_term_string}\"},\"query-input\":{\"@type\":\"PropertyValueSpecification\",\"valueRequired\":true,\"valueName\":\"search_term_string\"}}],\"inLanguage\":\"de-DE\"}]}<\/script>\n<!-- \/ Yoast SEO plugin. -->","yoast_head_json":{"title":"Kirschf\u00fcllung - VS Apple Industries","description":"Wenn Sie unsere Kirschf\u00fcllung probieren, erleben Sie den Geschmack der Perfektion.","robots":{"index":"index","follow":"follow","max-snippet":"max-snippet:-1","max-image-preview":"max-image-preview:large","max-video-preview":"max-video-preview:-1"},"canonical":"https:\/\/www.vsapple.com\/de\/product\/kirschfullung\/","og_locale":"de_DE","og_type":"article","og_title":"Kirschf\u00fcllung","og_description":"Sind Sie auf der Suche nach der leckersten Kirschf\u00fcllung f\u00fcr Ihren Kuchen oder Ihr Milchprodukt? Mit \u00fcber drei\u00dfig Jahren Erfahrung versteht VS Apple Industries B.V. die einzigartigen Bed\u00fcrfnisse der industriellen B\u00e4cker und Milchproduktehersteller wie kein anderer. Wenn Sie unsere Kirschf\u00fcllung probieren, erleben Sie den Geschmack der Perfektion.","og_url":"https:\/\/www.vsapple.com\/de\/product\/kirschfullung\/","og_site_name":"VS Apple Industries","article_modified_time":"2024-09-03T09:25:24+00:00","og_image":[{"width":1000,"height":1500,"url":"https:\/\/www.vsapple.com\/wp-content\/uploads\/kersen-vlaaivulling.jpg","type":"image\/jpeg"}],"twitter_card":"summary_large_image","twitter_misc":{"Gesch\u00e4tzte Lesezeit":"2 Minuten"},"schema":{"@context":"https:\/\/schema.org","@graph":[{"@type":"WebPage","@id":"https:\/\/www.vsapple.com\/de\/product\/kirschfullung\/","url":"https:\/\/www.vsapple.com\/de\/product\/kirschfullung\/","name":"Kirschf\u00fcllung - VS Apple Industries","isPartOf":{"@id":"https:\/\/www.vsapple.com\/#website"},"primaryImageOfPage":{"@id":"https:\/\/www.vsapple.com\/de\/product\/kirschfullung\/#primaryimage"},"image":{"@id":"https:\/\/www.vsapple.com\/de\/product\/kirschfullung\/#primaryimage"},"thumbnailUrl":"https:\/\/www.vsapple.com\/wp-content\/uploads\/kersen-vlaai-vulling.jpg","datePublished":"2024-07-04T10:21:49+00:00","dateModified":"2024-09-03T09:25:24+00:00","description":"Wenn Sie unsere Kirschf\u00fcllung probieren, erleben Sie den Geschmack der Perfektion.","breadcrumb":{"@id":"https:\/\/www.vsapple.com\/de\/product\/kirschfullung\/#breadcrumb"},"inLanguage":"de-DE","potentialAction":[{"@type":"ReadAction","target":["https:\/\/www.vsapple.com\/de\/product\/kirschfullung\/"]}]},{"@type":"ImageObject","inLanguage":"de-DE","@id":"https:\/\/www.vsapple.com\/de\/product\/kirschfullung\/#primaryimage","url":"https:\/\/www.vsapple.com\/wp-content\/uploads\/kersen-vlaai-vulling.jpg","contentUrl":"https:\/\/www.vsapple.com\/wp-content\/uploads\/kersen-vlaai-vulling.jpg","width":2048,"height":1365},{"@type":"BreadcrumbList","@id":"https:\/\/www.vsapple.com\/de\/product\/kirschfullung\/#breadcrumb","itemListElement":[{"@type":"ListItem","position":1,"name":"Home","item":"https:\/\/www.vsapple.com\/"},{"@type":"ListItem","position":2,"name":"Kirschf\u00fcllung"}]},{"@type":"WebSite","@id":"https:\/\/www.vsapple.com\/#website","url":"https:\/\/www.vsapple.com\/","name":"VS Apple Industries","description":"Uw partner in fruitverwerking","potentialAction":[{"@type":"SearchAction","target":{"@type":"EntryPoint","urlTemplate":"https:\/\/www.vsapple.com\/?s={search_term_string}"},"query-input":{"@type":"PropertyValueSpecification","valueRequired":true,"valueName":"search_term_string"}}],"inLanguage":"de-DE"}]}},"_links":{"self":[{"href":"https:\/\/www.vsapple.com\/de\/wp-json\/wp\/v2\/product\/2277"}],"collection":[{"href":"https:\/\/www.vsapple.com\/de\/wp-json\/wp\/v2\/product"}],"about":[{"href":"https:\/\/www.vsapple.com\/de\/wp-json\/wp\/v2\/types\/product"}],"author":[{"embeddable":true,"href":"https:\/\/www.vsapple.com\/de\/wp-json\/wp\/v2\/users\/2"}],"wp:featuredmedia":[{"embeddable":true,"href":"https:\/\/www.vsapple.com\/de\/wp-json\/wp\/v2\/media\/1908"}],"wp:attachment":[{"href":"https:\/\/www.vsapple.com\/de\/wp-json\/wp\/v2\/media?parent=2277"}],"wp:term":[{"taxonomy":"categorie","embeddable":true,"href":"https:\/\/www.vsapple.com\/de\/wp-json\/wp\/v2\/categorie?post=2277"}],"curies":[{"name":"wp","href":"https:\/\/api.w.org\/{rel}","templated":true}]}}