{"id":2278,"date":"2024-07-04T12:19:24","date_gmt":"2024-07-04T10:19:24","guid":{"rendered":"https:\/\/vsapple.beyzer.com\/product\/apfel-himbeer-fuellung\/"},"modified":"2024-09-03T11:28:42","modified_gmt":"2024-09-03T09:28:42","slug":"apfel-himbeer-fullung","status":"publish","type":"product","link":"https:\/\/www.vsapple.com\/de\/product\/apfel-himbeer-fullung\/","title":{"rendered":"Apfel-Himbeer-F\u00fcllung"},"content":{"rendered":"\r\n<p>Erleben Sie eine einzigartige Kombination aus reichem Geschmack und h\u00f6chster Qualit\u00e4t mit unserer Apfel-Himbeerf\u00fcllung. Diese k\u00f6stliche Fruchtf\u00fcllung vereint die s\u00fc\u00dfe Note von \u00c4pfeln mit der frischen S\u00e4ure von Himbeeren, was in einer harmonischen Geschmacksexplosion f\u00fcr Ihre Backwaren und Milchprodukte resultiert.<\/p>\r\n\r\n\r\n\r\n<h2 class=\"wp-block-heading\">Sorgf\u00e4ltige Auswahl und Clean Label-Produktion<\/h2>\r\n\r\n\r\n\r\n<p>Da die Qualit\u00e4t Ihres Endprodukts bei den Zutaten beginnt, w\u00e4hlen wir unsere Himbeeren und \u00c4pfel mit gr\u00f6\u00dfter Sorgfalt aus. Die Verarbeitung erfolgt in unserer hochmodernen Obstverarbeitung, wo zwei Vakuum-Kochbeh\u00e4lter und weitere Tanks mit gro\u00dfer Eindampfungskapazit\u00e4t ausgestattet sind. Dadurch gew\u00e4hrleisten wir einen au\u00dfergew\u00f6hnlich hohen Fruchtgehalt und bieten auf Wunsch auch eine Clean Label-Produktion an.<\/p>\r\n","protected":false},"author":2,"featured_media":1912,"template":"","meta":{"_acf_changed":true},"categorie":[32],"class_list":["post-2278","product","type-product","status-publish","has-post-thumbnail","hentry","categorie-fruchtfullung"],"acf":[],"yoast_head":"<!-- This site is optimized with the Yoast SEO plugin v23.4 - https:\/\/yoast.com\/wordpress\/plugins\/seo\/ -->\n<title>Apfel-Himbeer-F\u00fcllung - VS Apple Industries<\/title>\n<meta name=\"description\" content=\"Erleben Sie eine einzigartige Kombination aus reichem Geschmack und h\u00f6chster Qualit\u00e4t mit unserer Apfel-Himbeerf\u00fcllung.\" \/>\n<meta name=\"robots\" content=\"index, follow, max-snippet:-1, max-image-preview:large, max-video-preview:-1\" \/>\n<link rel=\"canonical\" href=\"https:\/\/www.vsapple.com\/de\/product\/apfel-himbeer-fullung\/\" \/>\n<meta property=\"og:locale\" content=\"de_DE\" \/>\n<meta property=\"og:type\" content=\"article\" \/>\n<meta property=\"og:title\" content=\"Apfel-Himbeerf\u00fcllung\" \/>\n<meta property=\"og:description\" content=\"Erleben Sie eine einzigartige Kombination aus reichem Geschmack und h\u00f6chster Qualit\u00e4t mit unserer Apfel-Himbeerf\u00fcllung.\" \/>\n<meta property=\"og:url\" content=\"https:\/\/www.vsapple.com\/de\/product\/apfel-himbeer-fullung\/\" \/>\n<meta property=\"og:site_name\" content=\"VS Apple Industries\" \/>\n<meta property=\"article:modified_time\" content=\"2024-09-03T09:28:42+00:00\" \/>\n<meta property=\"og:image\" content=\"https:\/\/www.vsapple.com\/wp-content\/uploads\/appel-framboos-compote.jpg\" \/>\n\t<meta property=\"og:image:width\" content=\"1365\" \/>\n\t<meta property=\"og:image:height\" content=\"2048\" \/>\n\t<meta property=\"og:image:type\" content=\"image\/jpeg\" \/>\n<meta name=\"twitter:card\" content=\"summary_large_image\" \/>\n<meta name=\"twitter:label1\" content=\"Gesch\u00e4tzte Lesezeit\" \/>\n\t<meta name=\"twitter:data1\" content=\"1 Minute\" \/>\n<script type=\"application\/ld+json\" class=\"yoast-schema-graph\">{\"@context\":\"https:\/\/schema.org\",\"@graph\":[{\"@type\":\"WebPage\",\"@id\":\"https:\/\/www.vsapple.com\/de\/product\/apfel-himbeer-fullung\/\",\"url\":\"https:\/\/www.vsapple.com\/de\/product\/apfel-himbeer-fullung\/\",\"name\":\"Apfel-Himbeer-F\u00fcllung - VS Apple Industries\",\"isPartOf\":{\"@id\":\"https:\/\/www.vsapple.com\/#website\"},\"primaryImageOfPage\":{\"@id\":\"https:\/\/www.vsapple.com\/de\/product\/apfel-himbeer-fullung\/#primaryimage\"},\"image\":{\"@id\":\"https:\/\/www.vsapple.com\/de\/product\/apfel-himbeer-fullung\/#primaryimage\"},\"thumbnailUrl\":\"https:\/\/www.vsapple.com\/wp-content\/uploads\/appel-framboos-compote.jpg\",\"datePublished\":\"2024-07-04T10:19:24+00:00\",\"dateModified\":\"2024-09-03T09:28:42+00:00\",\"description\":\"Erleben Sie eine einzigartige Kombination aus reichem Geschmack und h\u00f6chster Qualit\u00e4t mit unserer Apfel-Himbeerf\u00fcllung.\",\"breadcrumb\":{\"@id\":\"https:\/\/www.vsapple.com\/de\/product\/apfel-himbeer-fullung\/#breadcrumb\"},\"inLanguage\":\"de-DE\",\"potentialAction\":[{\"@type\":\"ReadAction\",\"target\":[\"https:\/\/www.vsapple.com\/de\/product\/apfel-himbeer-fullung\/\"]}]},{\"@type\":\"ImageObject\",\"inLanguage\":\"de-DE\",\"@id\":\"https:\/\/www.vsapple.com\/de\/product\/apfel-himbeer-fullung\/#primaryimage\",\"url\":\"https:\/\/www.vsapple.com\/wp-content\/uploads\/appel-framboos-compote.jpg\",\"contentUrl\":\"https:\/\/www.vsapple.com\/wp-content\/uploads\/appel-framboos-compote.jpg\",\"width\":1365,\"height\":2048,\"caption\":\"Apfel-Himbeerf\u00fcllung\"},{\"@type\":\"BreadcrumbList\",\"@id\":\"https:\/\/www.vsapple.com\/de\/product\/apfel-himbeer-fullung\/#breadcrumb\",\"itemListElement\":[{\"@type\":\"ListItem\",\"position\":1,\"name\":\"Home\",\"item\":\"https:\/\/www.vsapple.com\/\"},{\"@type\":\"ListItem\",\"position\":2,\"name\":\"Apfel-Himbeer-F\u00fcllung\"}]},{\"@type\":\"WebSite\",\"@id\":\"https:\/\/www.vsapple.com\/#website\",\"url\":\"https:\/\/www.vsapple.com\/\",\"name\":\"VS Apple Industries\",\"description\":\"Uw partner in fruitverwerking\",\"potentialAction\":[{\"@type\":\"SearchAction\",\"target\":{\"@type\":\"EntryPoint\",\"urlTemplate\":\"https:\/\/www.vsapple.com\/?s={search_term_string}\"},\"query-input\":{\"@type\":\"PropertyValueSpecification\",\"valueRequired\":true,\"valueName\":\"search_term_string\"}}],\"inLanguage\":\"de-DE\"}]}<\/script>\n<!-- \/ Yoast SEO plugin. -->","yoast_head_json":{"title":"Apfel-Himbeer-F\u00fcllung - VS Apple Industries","description":"Erleben Sie eine einzigartige Kombination aus reichem Geschmack und h\u00f6chster Qualit\u00e4t mit unserer Apfel-Himbeerf\u00fcllung.","robots":{"index":"index","follow":"follow","max-snippet":"max-snippet:-1","max-image-preview":"max-image-preview:large","max-video-preview":"max-video-preview:-1"},"canonical":"https:\/\/www.vsapple.com\/de\/product\/apfel-himbeer-fullung\/","og_locale":"de_DE","og_type":"article","og_title":"Apfel-Himbeerf\u00fcllung","og_description":"Erleben Sie eine einzigartige Kombination aus reichem Geschmack und h\u00f6chster Qualit\u00e4t mit unserer Apfel-Himbeerf\u00fcllung.","og_url":"https:\/\/www.vsapple.com\/de\/product\/apfel-himbeer-fullung\/","og_site_name":"VS Apple Industries","article_modified_time":"2024-09-03T09:28:42+00:00","og_image":[{"width":1365,"height":2048,"url":"https:\/\/www.vsapple.com\/wp-content\/uploads\/appel-framboos-compote.jpg","type":"image\/jpeg"}],"twitter_card":"summary_large_image","twitter_misc":{"Gesch\u00e4tzte Lesezeit":"1 Minute"},"schema":{"@context":"https:\/\/schema.org","@graph":[{"@type":"WebPage","@id":"https:\/\/www.vsapple.com\/de\/product\/apfel-himbeer-fullung\/","url":"https:\/\/www.vsapple.com\/de\/product\/apfel-himbeer-fullung\/","name":"Apfel-Himbeer-F\u00fcllung - VS Apple Industries","isPartOf":{"@id":"https:\/\/www.vsapple.com\/#website"},"primaryImageOfPage":{"@id":"https:\/\/www.vsapple.com\/de\/product\/apfel-himbeer-fullung\/#primaryimage"},"image":{"@id":"https:\/\/www.vsapple.com\/de\/product\/apfel-himbeer-fullung\/#primaryimage"},"thumbnailUrl":"https:\/\/www.vsapple.com\/wp-content\/uploads\/appel-framboos-compote.jpg","datePublished":"2024-07-04T10:19:24+00:00","dateModified":"2024-09-03T09:28:42+00:00","description":"Erleben Sie eine einzigartige Kombination aus reichem Geschmack und h\u00f6chster Qualit\u00e4t mit unserer Apfel-Himbeerf\u00fcllung.","breadcrumb":{"@id":"https:\/\/www.vsapple.com\/de\/product\/apfel-himbeer-fullung\/#breadcrumb"},"inLanguage":"de-DE","potentialAction":[{"@type":"ReadAction","target":["https:\/\/www.vsapple.com\/de\/product\/apfel-himbeer-fullung\/"]}]},{"@type":"ImageObject","inLanguage":"de-DE","@id":"https:\/\/www.vsapple.com\/de\/product\/apfel-himbeer-fullung\/#primaryimage","url":"https:\/\/www.vsapple.com\/wp-content\/uploads\/appel-framboos-compote.jpg","contentUrl":"https:\/\/www.vsapple.com\/wp-content\/uploads\/appel-framboos-compote.jpg","width":1365,"height":2048,"caption":"Apfel-Himbeerf\u00fcllung"},{"@type":"BreadcrumbList","@id":"https:\/\/www.vsapple.com\/de\/product\/apfel-himbeer-fullung\/#breadcrumb","itemListElement":[{"@type":"ListItem","position":1,"name":"Home","item":"https:\/\/www.vsapple.com\/"},{"@type":"ListItem","position":2,"name":"Apfel-Himbeer-F\u00fcllung"}]},{"@type":"WebSite","@id":"https:\/\/www.vsapple.com\/#website","url":"https:\/\/www.vsapple.com\/","name":"VS Apple Industries","description":"Uw partner in fruitverwerking","potentialAction":[{"@type":"SearchAction","target":{"@type":"EntryPoint","urlTemplate":"https:\/\/www.vsapple.com\/?s={search_term_string}"},"query-input":{"@type":"PropertyValueSpecification","valueRequired":true,"valueName":"search_term_string"}}],"inLanguage":"de-DE"}]}},"_links":{"self":[{"href":"https:\/\/www.vsapple.com\/de\/wp-json\/wp\/v2\/product\/2278"}],"collection":[{"href":"https:\/\/www.vsapple.com\/de\/wp-json\/wp\/v2\/product"}],"about":[{"href":"https:\/\/www.vsapple.com\/de\/wp-json\/wp\/v2\/types\/product"}],"author":[{"embeddable":true,"href":"https:\/\/www.vsapple.com\/de\/wp-json\/wp\/v2\/users\/2"}],"wp:featuredmedia":[{"embeddable":true,"href":"https:\/\/www.vsapple.com\/de\/wp-json\/wp\/v2\/media\/1912"}],"wp:attachment":[{"href":"https:\/\/www.vsapple.com\/de\/wp-json\/wp\/v2\/media?parent=2278"}],"wp:term":[{"taxonomy":"categorie","embeddable":true,"href":"https:\/\/www.vsapple.com\/de\/wp-json\/wp\/v2\/categorie?post=2278"}],"curies":[{"name":"wp","href":"https:\/\/api.w.org\/{rel}","templated":true}]}}