{"id":2281,"date":"2024-07-04T12:18:46","date_gmt":"2024-07-04T10:18:46","guid":{"rendered":"https:\/\/vsapple.beyzer.com\/product\/apfelfuellung\/"},"modified":"2024-09-03T11:26:09","modified_gmt":"2024-09-03T09:26:09","slug":"apfelfullung","status":"publish","type":"product","link":"https:\/\/www.vsapple.com\/de\/product\/apfelfullung\/","title":{"rendered":"Apfelf\u00fcllung"},"content":{"rendered":"\r\n<p>VS Apple Industries B.V. verarbeitet hausintern hergestellte Apfelprodukte direkt zu einer k\u00f6stlichen Apfelf\u00fcllung. Eine Apfelf\u00fcllung, die in den Niederlanden nach wie vor sehr beliebt ist. Von Torten bis hin zu Joghurt: Die frischen, s\u00fc\u00df-sauren Geschmacksnoten kommen in zahlreichen Back- und Milchprodukten hervorragend zur Geltung. Der Fruchtgehalt unserer Apfelf\u00fcllung betr\u00e4gt mindestens 80 % und kann clean label produziert werden.<\/p>\r\n\r\n\r\n\r\n<p>Unsere Apfelf\u00fcllung ist frischer als frisch. Die \u00c4pfel rollen direkt vom Band in die Frischverarbeitung und weiter zur Obstverarbeitung. Durch die minimale Zeit zwischen dem Schneiden und der Zubereitung der Fruchtf\u00fcllung beh\u00e4lt der Apfel seinen k\u00f6stlichen Biss.<\/p>\r\n\r\n\r\n\r\n<h2 class=\"wp-block-heading\">Apfelf\u00fcllungen:<\/h2>\r\n\r\n\r\n\r\n<ul class=\"wp-block-list\">\r\n<li>Standard-Apfelf\u00fcllung (warme Apfelf\u00fcllung mit 12 mm W\u00fcrfeln)<\/li>\r\n\r\n\r\n\r\n<li>Apfeldreieckf\u00fcllung (warm oder kalt zubereitet)<\/li>\r\n\r\n\r\n\r\n<li>Holl\u00e4ndische Apfeltortenf\u00fcllung (mit halben St\u00fccken)<\/li>\r\n\r\n\r\n\r\n<li>Clean Label Apfelf\u00fcllung<\/li>\r\n\r\n\r\n\r\n<li>Apfel-Zimt-F\u00fcllung<\/li>\r\n\r\n\r\n\r\n<li>Apfel-Birnen-F\u00fcllung<\/li>\r\n<\/ul>\r\n\r\n\r\n\r\n<h2 class=\"wp-block-heading\">Apfelf\u00fcllungen: Spezifikationen<\/h2>\r\n\r\n\r\n\r\n<ul class=\"wp-block-list\">\r\n<li>Die Apfelf\u00fcllung ist sowohl warm als auch kalt zubereitet lieferbar.<\/li>\r\n\r\n\r\n\r\n<li>Die Apfelf\u00fcllung ist gefrier- und backstabil.<\/li>\r\n\r\n\r\n\r\n<li>Die Apfelf\u00fcllung kann clean label produziert werden.<\/li>\r\n<\/ul>\r\n","protected":false},"author":2,"featured_media":2900,"template":"","meta":{"_acf_changed":true},"categorie":[32],"class_list":["post-2281","product","type-product","status-publish","has-post-thumbnail","hentry","categorie-fruchtfullung"],"acf":[],"yoast_head":"<!-- This site is optimized with the Yoast SEO plugin v23.4 - https:\/\/yoast.com\/wordpress\/plugins\/seo\/ -->\n<title>Apfelf\u00fcllung - VS Apple Industries<\/title>\n<meta name=\"description\" content=\"Unsere Apfelf\u00fcllung ist frischer als frisch. Die \u00c4pfel rollen direkt vom Band in die Frischverarbeitung und weiter zur Obstverarbeitung.\" \/>\n<meta name=\"robots\" content=\"index, follow, max-snippet:-1, max-image-preview:large, max-video-preview:-1\" \/>\n<link rel=\"canonical\" href=\"https:\/\/www.vsapple.com\/de\/product\/apfelfullung\/\" \/>\n<meta property=\"og:locale\" content=\"de_DE\" \/>\n<meta property=\"og:type\" content=\"article\" \/>\n<meta property=\"og:title\" content=\"Apfelf\u00fcllung\" \/>\n<meta property=\"og:description\" content=\"Unsere Apfelf\u00fcllung ist frischer als frisch. Die \u00c4pfel rollen direkt vom Band in die Frischverarbeitung und weiter zur Obstverarbeitung.\" \/>\n<meta property=\"og:url\" content=\"https:\/\/www.vsapple.com\/de\/product\/apfelfullung\/\" \/>\n<meta property=\"og:site_name\" content=\"VS Apple Industries\" \/>\n<meta property=\"article:modified_time\" content=\"2024-09-03T09:26:09+00:00\" \/>\n<meta property=\"og:image\" content=\"https:\/\/www.vsapple.com\/wp-content\/uploads\/apple-filling-1.jpg\" \/>\n\t<meta property=\"og:image:width\" content=\"1500\" \/>\n\t<meta property=\"og:image:height\" content=\"1072\" \/>\n\t<meta property=\"og:image:type\" content=\"image\/jpeg\" \/>\n<meta name=\"twitter:card\" content=\"summary_large_image\" \/>\n<meta name=\"twitter:label1\" content=\"Gesch\u00e4tzte Lesezeit\" \/>\n\t<meta name=\"twitter:data1\" content=\"1 Minute\" \/>\n<script type=\"application\/ld+json\" class=\"yoast-schema-graph\">{\"@context\":\"https:\/\/schema.org\",\"@graph\":[{\"@type\":\"WebPage\",\"@id\":\"https:\/\/www.vsapple.com\/de\/product\/apfelfullung\/\",\"url\":\"https:\/\/www.vsapple.com\/de\/product\/apfelfullung\/\",\"name\":\"Apfelf\u00fcllung - VS Apple Industries\",\"isPartOf\":{\"@id\":\"https:\/\/www.vsapple.com\/#website\"},\"primaryImageOfPage\":{\"@id\":\"https:\/\/www.vsapple.com\/de\/product\/apfelfullung\/#primaryimage\"},\"image\":{\"@id\":\"https:\/\/www.vsapple.com\/de\/product\/apfelfullung\/#primaryimage\"},\"thumbnailUrl\":\"https:\/\/www.vsapple.com\/wp-content\/uploads\/apple-filling.jpg\",\"datePublished\":\"2024-07-04T10:18:46+00:00\",\"dateModified\":\"2024-09-03T09:26:09+00:00\",\"description\":\"Unsere Apfelf\u00fcllung ist frischer als frisch. Die \u00c4pfel rollen direkt vom Band in die Frischverarbeitung und weiter zur Obstverarbeitung.\",\"breadcrumb\":{\"@id\":\"https:\/\/www.vsapple.com\/de\/product\/apfelfullung\/#breadcrumb\"},\"inLanguage\":\"de-DE\",\"potentialAction\":[{\"@type\":\"ReadAction\",\"target\":[\"https:\/\/www.vsapple.com\/de\/product\/apfelfullung\/\"]}]},{\"@type\":\"ImageObject\",\"inLanguage\":\"de-DE\",\"@id\":\"https:\/\/www.vsapple.com\/de\/product\/apfelfullung\/#primaryimage\",\"url\":\"https:\/\/www.vsapple.com\/wp-content\/uploads\/apple-filling.jpg\",\"contentUrl\":\"https:\/\/www.vsapple.com\/wp-content\/uploads\/apple-filling.jpg\",\"width\":1500,\"height\":1072,\"caption\":\"apple filling\"},{\"@type\":\"BreadcrumbList\",\"@id\":\"https:\/\/www.vsapple.com\/de\/product\/apfelfullung\/#breadcrumb\",\"itemListElement\":[{\"@type\":\"ListItem\",\"position\":1,\"name\":\"Home\",\"item\":\"https:\/\/www.vsapple.com\/\"},{\"@type\":\"ListItem\",\"position\":2,\"name\":\"Apfelf\u00fcllung\"}]},{\"@type\":\"WebSite\",\"@id\":\"https:\/\/www.vsapple.com\/#website\",\"url\":\"https:\/\/www.vsapple.com\/\",\"name\":\"VS Apple Industries\",\"description\":\"Uw partner in fruitverwerking\",\"potentialAction\":[{\"@type\":\"SearchAction\",\"target\":{\"@type\":\"EntryPoint\",\"urlTemplate\":\"https:\/\/www.vsapple.com\/?s={search_term_string}\"},\"query-input\":{\"@type\":\"PropertyValueSpecification\",\"valueRequired\":true,\"valueName\":\"search_term_string\"}}],\"inLanguage\":\"de-DE\"}]}<\/script>\n<!-- \/ Yoast SEO plugin. -->","yoast_head_json":{"title":"Apfelf\u00fcllung - VS Apple Industries","description":"Unsere Apfelf\u00fcllung ist frischer als frisch. Die \u00c4pfel rollen direkt vom Band in die Frischverarbeitung und weiter zur Obstverarbeitung.","robots":{"index":"index","follow":"follow","max-snippet":"max-snippet:-1","max-image-preview":"max-image-preview:large","max-video-preview":"max-video-preview:-1"},"canonical":"https:\/\/www.vsapple.com\/de\/product\/apfelfullung\/","og_locale":"de_DE","og_type":"article","og_title":"Apfelf\u00fcllung","og_description":"Unsere Apfelf\u00fcllung ist frischer als frisch. Die \u00c4pfel rollen direkt vom Band in die Frischverarbeitung und weiter zur Obstverarbeitung.","og_url":"https:\/\/www.vsapple.com\/de\/product\/apfelfullung\/","og_site_name":"VS Apple Industries","article_modified_time":"2024-09-03T09:26:09+00:00","og_image":[{"width":1500,"height":1072,"url":"https:\/\/www.vsapple.com\/wp-content\/uploads\/apple-filling-1.jpg","type":"image\/jpeg"}],"twitter_card":"summary_large_image","twitter_misc":{"Gesch\u00e4tzte Lesezeit":"1 Minute"},"schema":{"@context":"https:\/\/schema.org","@graph":[{"@type":"WebPage","@id":"https:\/\/www.vsapple.com\/de\/product\/apfelfullung\/","url":"https:\/\/www.vsapple.com\/de\/product\/apfelfullung\/","name":"Apfelf\u00fcllung - VS Apple Industries","isPartOf":{"@id":"https:\/\/www.vsapple.com\/#website"},"primaryImageOfPage":{"@id":"https:\/\/www.vsapple.com\/de\/product\/apfelfullung\/#primaryimage"},"image":{"@id":"https:\/\/www.vsapple.com\/de\/product\/apfelfullung\/#primaryimage"},"thumbnailUrl":"https:\/\/www.vsapple.com\/wp-content\/uploads\/apple-filling.jpg","datePublished":"2024-07-04T10:18:46+00:00","dateModified":"2024-09-03T09:26:09+00:00","description":"Unsere Apfelf\u00fcllung ist frischer als frisch. Die \u00c4pfel rollen direkt vom Band in die Frischverarbeitung und weiter zur Obstverarbeitung.","breadcrumb":{"@id":"https:\/\/www.vsapple.com\/de\/product\/apfelfullung\/#breadcrumb"},"inLanguage":"de-DE","potentialAction":[{"@type":"ReadAction","target":["https:\/\/www.vsapple.com\/de\/product\/apfelfullung\/"]}]},{"@type":"ImageObject","inLanguage":"de-DE","@id":"https:\/\/www.vsapple.com\/de\/product\/apfelfullung\/#primaryimage","url":"https:\/\/www.vsapple.com\/wp-content\/uploads\/apple-filling.jpg","contentUrl":"https:\/\/www.vsapple.com\/wp-content\/uploads\/apple-filling.jpg","width":1500,"height":1072,"caption":"apple filling"},{"@type":"BreadcrumbList","@id":"https:\/\/www.vsapple.com\/de\/product\/apfelfullung\/#breadcrumb","itemListElement":[{"@type":"ListItem","position":1,"name":"Home","item":"https:\/\/www.vsapple.com\/"},{"@type":"ListItem","position":2,"name":"Apfelf\u00fcllung"}]},{"@type":"WebSite","@id":"https:\/\/www.vsapple.com\/#website","url":"https:\/\/www.vsapple.com\/","name":"VS Apple Industries","description":"Uw partner in fruitverwerking","potentialAction":[{"@type":"SearchAction","target":{"@type":"EntryPoint","urlTemplate":"https:\/\/www.vsapple.com\/?s={search_term_string}"},"query-input":{"@type":"PropertyValueSpecification","valueRequired":true,"valueName":"search_term_string"}}],"inLanguage":"de-DE"}]}},"_links":{"self":[{"href":"https:\/\/www.vsapple.com\/de\/wp-json\/wp\/v2\/product\/2281"}],"collection":[{"href":"https:\/\/www.vsapple.com\/de\/wp-json\/wp\/v2\/product"}],"about":[{"href":"https:\/\/www.vsapple.com\/de\/wp-json\/wp\/v2\/types\/product"}],"author":[{"embeddable":true,"href":"https:\/\/www.vsapple.com\/de\/wp-json\/wp\/v2\/users\/2"}],"wp:featuredmedia":[{"embeddable":true,"href":"https:\/\/www.vsapple.com\/de\/wp-json\/wp\/v2\/media\/2900"}],"wp:attachment":[{"href":"https:\/\/www.vsapple.com\/de\/wp-json\/wp\/v2\/media?parent=2281"}],"wp:term":[{"taxonomy":"categorie","embeddable":true,"href":"https:\/\/www.vsapple.com\/de\/wp-json\/wp\/v2\/categorie?post=2281"}],"curies":[{"name":"wp","href":"https:\/\/api.w.org\/{rel}","templated":true}]}}