{"id":2284,"date":"2024-07-04T12:17:00","date_gmt":"2024-07-04T10:17:00","guid":{"rendered":"https:\/\/vsapple.beyzer.com\/product\/apfelstaebchen\/"},"modified":"2024-09-03T11:09:14","modified_gmt":"2024-09-03T09:09:14","slug":"apfelfrites","status":"publish","type":"product","link":"https:\/\/www.vsapple.com\/de\/product\/apfelfrites\/","title":{"rendered":"Apfelfrites"},"content":{"rendered":"\r\n<p>Apfelfrites sind eine k\u00f6stliche Bereicherung f\u00fcr jede Salatkreation sowie f\u00fcr Back- und Milchprodukte. Die langen, d\u00fcnn geschnittenen Apfelstreifen sind gesund und schmackhaft zugleich. Apfelfrites sind reich an Vitaminen, Ballaststoffen und Antioxidantien. Das Produkt kann ohne Zusatz von Hilfs- und Aromastoffen geliefert werden, um den Anforderungen des modernen, bewussten Verbrauchers gerecht zu werden.<\/p>\r\n\r\n\r\n\r\n<p>Mit \u00fcber drei\u00dfig Jahren Erfahrung in der Apfelverarbeitung wissen wir, dass Konsistenz und Qualit\u00e4t entscheidend sind. Apfelfrites \u2013 auch bekannt als Apfelstifte oder Apfelstreifen \u2013 lassen sich m\u00fchelos in bestehende Produktionsprozesse integrieren. Wir garantieren eine gleichbleibende Qualit\u00e4t in Geschmack und Textur bei jedem Produkt.<\/p>\r\n","protected":false},"author":3,"featured_media":1920,"template":"","meta":{"_acf_changed":true},"categorie":[34],"class_list":["post-2284","product","type-product","status-publish","has-post-thumbnail","hentry","categorie-apfelverarbeitung"],"acf":[],"yoast_head":"<!-- This site is optimized with the Yoast SEO plugin v23.4 - https:\/\/yoast.com\/wordpress\/plugins\/seo\/ -->\n<title>Apfelfrites - VS Apple Industries<\/title>\n<meta name=\"description\" content=\"Apfelfrites sind eine k\u00f6stliche Bereicherung f\u00fcr jede Salatkreation sowie f\u00fcr Back- und Milchprodukte.\" \/>\n<meta name=\"robots\" content=\"index, follow, max-snippet:-1, max-image-preview:large, max-video-preview:-1\" \/>\n<link rel=\"canonical\" href=\"https:\/\/www.vsapple.com\/de\/product\/apfelfrites\/\" \/>\n<meta property=\"og:locale\" content=\"de_DE\" \/>\n<meta property=\"og:type\" content=\"article\" \/>\n<meta property=\"og:title\" content=\"Apfelfrites\" \/>\n<meta property=\"og:description\" content=\"Apfelfrites sind eine k\u00f6stliche Bereicherung f\u00fcr jede Salatkreation sowie f\u00fcr Back- und Milchprodukte.\" \/>\n<meta property=\"og:url\" content=\"https:\/\/www.vsapple.com\/de\/product\/apfelfrites\/\" \/>\n<meta property=\"og:site_name\" content=\"VS Apple Industries\" \/>\n<meta property=\"article:modified_time\" content=\"2024-09-03T09:09:14+00:00\" \/>\n<meta property=\"og:image\" content=\"https:\/\/www.vsapple.com\/wp-content\/uploads\/Appel-friet.jpg\" \/>\n\t<meta property=\"og:image:width\" content=\"2048\" \/>\n\t<meta property=\"og:image:height\" content=\"1365\" \/>\n\t<meta property=\"og:image:type\" content=\"image\/jpeg\" \/>\n<meta name=\"twitter:card\" content=\"summary_large_image\" \/>\n<meta name=\"twitter:label1\" content=\"Gesch\u00e4tzte Lesezeit\" \/>\n\t<meta name=\"twitter:data1\" content=\"1 Minute\" \/>\n<script type=\"application\/ld+json\" class=\"yoast-schema-graph\">{\"@context\":\"https:\/\/schema.org\",\"@graph\":[{\"@type\":\"WebPage\",\"@id\":\"https:\/\/www.vsapple.com\/de\/product\/apfelfrites\/\",\"url\":\"https:\/\/www.vsapple.com\/de\/product\/apfelfrites\/\",\"name\":\"Apfelfrites - VS Apple Industries\",\"isPartOf\":{\"@id\":\"https:\/\/www.vsapple.com\/#website\"},\"primaryImageOfPage\":{\"@id\":\"https:\/\/www.vsapple.com\/de\/product\/apfelfrites\/#primaryimage\"},\"image\":{\"@id\":\"https:\/\/www.vsapple.com\/de\/product\/apfelfrites\/#primaryimage\"},\"thumbnailUrl\":\"https:\/\/www.vsapple.com\/wp-content\/uploads\/Appel-friet.jpg\",\"datePublished\":\"2024-07-04T10:17:00+00:00\",\"dateModified\":\"2024-09-03T09:09:14+00:00\",\"description\":\"Apfelfrites sind eine k\u00f6stliche Bereicherung f\u00fcr jede Salatkreation sowie f\u00fcr Back- und Milchprodukte.\",\"breadcrumb\":{\"@id\":\"https:\/\/www.vsapple.com\/de\/product\/apfelfrites\/#breadcrumb\"},\"inLanguage\":\"de-DE\",\"potentialAction\":[{\"@type\":\"ReadAction\",\"target\":[\"https:\/\/www.vsapple.com\/de\/product\/apfelfrites\/\"]}]},{\"@type\":\"ImageObject\",\"inLanguage\":\"de-DE\",\"@id\":\"https:\/\/www.vsapple.com\/de\/product\/apfelfrites\/#primaryimage\",\"url\":\"https:\/\/www.vsapple.com\/wp-content\/uploads\/Appel-friet.jpg\",\"contentUrl\":\"https:\/\/www.vsapple.com\/wp-content\/uploads\/Appel-friet.jpg\",\"width\":2048,\"height\":1365},{\"@type\":\"BreadcrumbList\",\"@id\":\"https:\/\/www.vsapple.com\/de\/product\/apfelfrites\/#breadcrumb\",\"itemListElement\":[{\"@type\":\"ListItem\",\"position\":1,\"name\":\"Home\",\"item\":\"https:\/\/www.vsapple.com\/\"},{\"@type\":\"ListItem\",\"position\":2,\"name\":\"Apfelfrites\"}]},{\"@type\":\"WebSite\",\"@id\":\"https:\/\/www.vsapple.com\/#website\",\"url\":\"https:\/\/www.vsapple.com\/\",\"name\":\"VS Apple Industries\",\"description\":\"Uw partner in fruitverwerking\",\"potentialAction\":[{\"@type\":\"SearchAction\",\"target\":{\"@type\":\"EntryPoint\",\"urlTemplate\":\"https:\/\/www.vsapple.com\/?s={search_term_string}\"},\"query-input\":{\"@type\":\"PropertyValueSpecification\",\"valueRequired\":true,\"valueName\":\"search_term_string\"}}],\"inLanguage\":\"de-DE\"}]}<\/script>\n<!-- \/ Yoast SEO plugin. -->","yoast_head_json":{"title":"Apfelfrites - VS Apple Industries","description":"Apfelfrites sind eine k\u00f6stliche Bereicherung f\u00fcr jede Salatkreation sowie f\u00fcr Back- und Milchprodukte.","robots":{"index":"index","follow":"follow","max-snippet":"max-snippet:-1","max-image-preview":"max-image-preview:large","max-video-preview":"max-video-preview:-1"},"canonical":"https:\/\/www.vsapple.com\/de\/product\/apfelfrites\/","og_locale":"de_DE","og_type":"article","og_title":"Apfelfrites","og_description":"Apfelfrites sind eine k\u00f6stliche Bereicherung f\u00fcr jede Salatkreation sowie f\u00fcr Back- und Milchprodukte.","og_url":"https:\/\/www.vsapple.com\/de\/product\/apfelfrites\/","og_site_name":"VS Apple Industries","article_modified_time":"2024-09-03T09:09:14+00:00","og_image":[{"width":2048,"height":1365,"url":"https:\/\/www.vsapple.com\/wp-content\/uploads\/Appel-friet.jpg","type":"image\/jpeg"}],"twitter_card":"summary_large_image","twitter_misc":{"Gesch\u00e4tzte Lesezeit":"1 Minute"},"schema":{"@context":"https:\/\/schema.org","@graph":[{"@type":"WebPage","@id":"https:\/\/www.vsapple.com\/de\/product\/apfelfrites\/","url":"https:\/\/www.vsapple.com\/de\/product\/apfelfrites\/","name":"Apfelfrites - VS Apple Industries","isPartOf":{"@id":"https:\/\/www.vsapple.com\/#website"},"primaryImageOfPage":{"@id":"https:\/\/www.vsapple.com\/de\/product\/apfelfrites\/#primaryimage"},"image":{"@id":"https:\/\/www.vsapple.com\/de\/product\/apfelfrites\/#primaryimage"},"thumbnailUrl":"https:\/\/www.vsapple.com\/wp-content\/uploads\/Appel-friet.jpg","datePublished":"2024-07-04T10:17:00+00:00","dateModified":"2024-09-03T09:09:14+00:00","description":"Apfelfrites sind eine k\u00f6stliche Bereicherung f\u00fcr jede Salatkreation sowie f\u00fcr Back- und Milchprodukte.","breadcrumb":{"@id":"https:\/\/www.vsapple.com\/de\/product\/apfelfrites\/#breadcrumb"},"inLanguage":"de-DE","potentialAction":[{"@type":"ReadAction","target":["https:\/\/www.vsapple.com\/de\/product\/apfelfrites\/"]}]},{"@type":"ImageObject","inLanguage":"de-DE","@id":"https:\/\/www.vsapple.com\/de\/product\/apfelfrites\/#primaryimage","url":"https:\/\/www.vsapple.com\/wp-content\/uploads\/Appel-friet.jpg","contentUrl":"https:\/\/www.vsapple.com\/wp-content\/uploads\/Appel-friet.jpg","width":2048,"height":1365},{"@type":"BreadcrumbList","@id":"https:\/\/www.vsapple.com\/de\/product\/apfelfrites\/#breadcrumb","itemListElement":[{"@type":"ListItem","position":1,"name":"Home","item":"https:\/\/www.vsapple.com\/"},{"@type":"ListItem","position":2,"name":"Apfelfrites"}]},{"@type":"WebSite","@id":"https:\/\/www.vsapple.com\/#website","url":"https:\/\/www.vsapple.com\/","name":"VS Apple Industries","description":"Uw partner in fruitverwerking","potentialAction":[{"@type":"SearchAction","target":{"@type":"EntryPoint","urlTemplate":"https:\/\/www.vsapple.com\/?s={search_term_string}"},"query-input":{"@type":"PropertyValueSpecification","valueRequired":true,"valueName":"search_term_string"}}],"inLanguage":"de-DE"}]}},"_links":{"self":[{"href":"https:\/\/www.vsapple.com\/de\/wp-json\/wp\/v2\/product\/2284"}],"collection":[{"href":"https:\/\/www.vsapple.com\/de\/wp-json\/wp\/v2\/product"}],"about":[{"href":"https:\/\/www.vsapple.com\/de\/wp-json\/wp\/v2\/types\/product"}],"author":[{"embeddable":true,"href":"https:\/\/www.vsapple.com\/de\/wp-json\/wp\/v2\/users\/3"}],"wp:featuredmedia":[{"embeddable":true,"href":"https:\/\/www.vsapple.com\/de\/wp-json\/wp\/v2\/media\/1920"}],"wp:attachment":[{"href":"https:\/\/www.vsapple.com\/de\/wp-json\/wp\/v2\/media?parent=2284"}],"wp:term":[{"taxonomy":"categorie","embeddable":true,"href":"https:\/\/www.vsapple.com\/de\/wp-json\/wp\/v2\/categorie?post=2284"}],"curies":[{"name":"wp","href":"https:\/\/api.w.org\/{rel}","templated":true}]}}